{"id":116,"date":"2014-01-29T16:13:08","date_gmt":"2014-01-29T16:13:08","guid":{"rendered":"http:\/\/www.alejandroguarello.cl\/?page_id=116"},"modified":"2026-03-20T11:18:42","modified_gmt":"2026-03-20T14:18:42","slug":"grupos-o-ensambles","status":"publish","type":"page","link":"https:\/\/www.alejandroguarello.cl\/?page_id=116","title":{"rendered":"Grupos o Ensambles"},"content":{"rendered":"<p>1.- \u00abInvenci\u00f3n\u00bb, para Oboe y Viola.<\/p>\n<p>A\u00f1o de composici\u00f3n : 1976<br \/>\nEditor : I.E.M. copia Heliogr\u00e1fica.<br \/>\nDuraci\u00f3n : 3&#8242;<\/p>\n<p>3.- \u00abPseudovariaciones\u00bb, para Dos percusionistas. <a href=\"https:\/\/youtu.be\/QsmhfcPwPSE\">Audio<\/a><br \/>\nA\u00f1o de composici\u00f3n : 1977<br \/>\nEditor : Manuscrito.<br \/>\nDuraci\u00f3n : 6&#8242; 05&#8243;<br \/>\nEstreno : Santiago, Octubre 13, 1980. Sala Isidora Zegers. Ra\u00fal Aliaga y Santiago Meza (percusiones).<br \/>\nObservaciones : En la Facultad de Artes, U. de Chile se conservan dos grabaciones registradas como: M-8112 Y S-7174 D. Grabaci\u00f3n editada por EMI ODEON CHILENA 1041120. Grabada en CD por Juan Coderch y Ra\u00fal Aliaga (percusiones), 2002.<\/p>\n<p>4.- \u00abRomance de la Luna, Luna\u00bb, para Soprano y Piano.<br \/>\nA\u00f1o de composici\u00f3n : 1977<br \/>\nEditor : I.E.M. Copia Hel.<br \/>\nDuraci\u00f3n : 7&#8242; 35&#8243;<br \/>\nTexto : Federico Garc\u00eda Lorca. \u00abRomancero Gitano\u00bb<br \/>\nEstreno : Santiago, Octubre 13. 1980. Sala Isidora Zegers. Mary Ann Fones (soprano) y Cirilo Vila (piano).<br \/>\nObservaciones : En la Facultad de Artes, U. de Chile se conserva la grabaci\u00f3n registrada como S-7174 B. Editada en el CD \u00abCantos de una Ciudad Sitiada\u00bb.<\/p>\n<p>5.- \u00abSimulacros\u00bb, para Coro Mixto a Capella. <a href=\"https:\/\/www.alejandroguarello.cl\/wp-content\/uploads\/2014\/02\/simulacrosweb.mp3\">Audio<\/a><br \/>\nA\u00f1o de composici\u00f3n : 1978<br \/>\nEditor : I.E.M.<br \/>\nDuraci\u00f3n : 3&#8242; 50&#8243;<br \/>\nTexto : Virgilio Rodriguez Sever\u00edn. \u00abSimulacros\u00bb.<br \/>\nEstreno : Santiago, Noviembre 6, 1978. Sala Goethe Institut. Conjunto Vocal de la Universidad Cat\u00f3lica de Valpara\u00edso, Jaime Donoso (director).<br \/>\nObservaciones : Primer Premio en el Concurso de Composici\u00f3n M\u00fasica Coral, Festival de M\u00fasica Contempor\u00e1nea organizado por la Agrupaci\u00f3n Beethoven y el Instituto Goethe, 1978. En la Facultad de Artes, U. de Chile se conserva una grabaci\u00f3n registrada como S-2060 B. Esta obra est\u00e1 publicada en Cassette por la Universidad Metropolitana de Santiago. Antolog\u00eda Coral Chilena. Grabada en CD por el Coro de C\u00e1mara de la Pontificia Universidad Cat\u00f3lica de Chile, 2002.<\/p>\n<p>8.- \u00abCoros Descriptivos de los Estados de Alma de Dido\u00bb, para Lector y Quinteto de Cuerdas.<br \/>\nA\u00f1o de composici\u00f3n : 1978<br \/>\nEditor : Escuela de Arquitectura. U. Cat\u00f3lica de Valpara\u00edso, 1978.<br \/>\nDuraci\u00f3n : 23&#8242; 25&#8243;<br \/>\nTexto : Giuseppe Ungaretti. Obra hom\u00f3nima.<br \/>\nEstreno : Valpara\u00edso, Mayo 6, 1983. Escuela de Arte de la Universidad de Valpara\u00edso. Quinteto de Cuerdas, U. de Valpara\u00edso, Emilio Rojas (lector).<br \/>\nObservaciones : Editado e impreso por la Escuela de Dise\u00f1o de la Facultad de Arquitectura de la Universidad Cat\u00f3lica de Valpara\u00edso. La edici\u00f3n impresa comprende adem\u00e1s, una grabaci\u00f3n en Cassette, ilustraciones y notas bibliogr\u00e1ficas respecto al poema.<\/p>\n<p>9.- \u00abPoliedro\u00bb, para Dos Cuartetos, Tres Violines, Clavec\u00edn y Contrabajo.<br \/>\nA\u00f1o de composici\u00f3n : 1979<br \/>\nEditor : I.E.M.<br \/>\nDuraci\u00f3n : 15&#8242;<\/p>\n<p>10.- \u00abReyerta\u00bb, para Tenor y Piano. <a href=\"https:\/\/youtu.be\/o5v6Gdppipo\">Audio<\/a><br \/>\nA\u00f1o de composici\u00f3n : 1979<br \/>\nEditor : I.E.M.<br \/>\nDuraci\u00f3n : 5&#8242; 55&#8243;<br \/>\nTexto : Federico Garc\u00eda Lorca. \u00abRomancero Gitano\u00bb.<br \/>\nEstreno : Santiago, Octubre 4, 1979. Sala Goethe Institut. Jos\u00e9 Quilapi (tenor) y Cirilo Vila (piano).<br \/>\nObservaciones : En la Facultad de Artes, U. de Chile se conservan dos grabaciones registradas como: M-8166 E y S-7174 B. Editada en el CD \u00abCantos de una Ciudad Sitiada\u00bb.<\/p>\n<p>11.- \u00abCuatro Piezas\u00bb, para Cuarteto de Cuerdas.<br \/>\nA\u00f1o de composici\u00f3n : 1979<br \/>\nEditor : Manuscrito<br \/>\nDuraci\u00f3n : 14&#8242; 55&#8243;<br \/>\nEstreno : Santiago, Noviembre 8, 1979. Goethe Institut. Cuarteto Latinoamericano: Jaime de la Jara, Francisco Quesada (violines), Enrique L\u00f3pez (viola), Jorge Rom\u00e1n (Violoncello).<br \/>\nObservaciones : Tercer Premio en el Concurso Internacional de Cuartetos de Cuerdas, organizado por la Agrupaci\u00f3n Beethoven y el Goethe Institut, 1979. En la Facultad de Artes de la U. de Chile, se conserva una grabaci\u00f3n registrada como S-2441C.<\/p>\n<p>13.- \u00abTr\u00edo\u00bb, para Flauta, Viola y Guitarra.<br \/>\nA\u00f1o de composici\u00f3n : 1979<br \/>\nEditor : Manuscrito<br \/>\nDuraci\u00f3n : 4&#8242;<\/p>\n<p>15.- \u00abQuinteto\u00bb, para Quinteto de Vientos.<br \/>\nA\u00f1o de composici\u00f3n : 1980<br \/>\nEditor : I.E.M. Copia Hel.<br \/>\nDuraci\u00f3n : 6&#8242;<br \/>\nEstreno : Santiago, Agosto 13, 1987. Teatro Universidad Cat\u00f3lica. Quinteto Pro-Arte (Hern\u00e1n Jara, flauta; Daniel Vidal, oboe; Mauricio Ibacache, corno; Francisco Gouet, clarinete; Pedro Sierra, Fagot)<br \/>\nObservaciones : Obra editada en Cassette por el Sello Alerce, 1988. Alc 582.<\/p>\n<p>18.- \u00bb Ein Gleiches\u00bb, para Coro Mixto, Piano y Percusi\u00f3n.<br \/>\nA\u00f1o de composici\u00f3n : 1982<br \/>\nEditor : Manuscrito<br \/>\nDuraci\u00f3n : 5&#8242;<br \/>\nTexto : Wolfgang von Goethe. Obra hom\u00f3nima.<br \/>\nEstreno : Santiago, Septiembre 6, 1982. Goethe Institut. Conjunto Vocal de la U. Cat\u00f3lica de Valpara\u00edso, Jaime Donoso (director), Boris Alvarado (percusi\u00f3n), Mar\u00eda Ang\u00e9lica Bel\u00e1ustegui (piano).<br \/>\nObservaciones : Obra comisionada por Jaime Donoso con motivo de un Concierto homenaje a W. von Goethe.<\/p>\n<p>20.- \u00abTr\u00edo 1982\u00bb, para Viol\u00edn, Violoncello y Piano. <a href=\"https:\/\/youtu.be\/1B-SghmvyPQ\">Audio<\/a><br \/>\nA\u00f1o de composici\u00f3n : 1982<br \/>\nEditor : Manuscrito<br \/>\nDuraci\u00f3n : 10&#8242;<br \/>\nEstreno : Nueva York, Enero 7, 1983. Center for Inter-American Relations Hall. Trio Arte ( Sergio Prieto, Viol\u00edn, Edgar Fischer, Violoncello y Mar\u00eda Iris Radrig\u00e1n, Piano).<br \/>\nObservaciones : Se estren\u00f3 en Chile, el 4 de Mayo de 1983 en la Sala Manuel J. Irarr\u00e1zabal por el Tr\u00edo Arte. El C.E.A. de la U. Cat\u00f3lica de Chile edit\u00f3 un Cassette con esta obra. Grabada en CD el Tr\u00edo ARTE, 2002.<\/p>\n<p>22.- \u00abMis caballos suben despacio\u00bb, para Soprano y Piano.<br \/>\nA\u00f1o de composici\u00f3n : 1983<br \/>\nEditor : Manuscrito<br \/>\nDuraci\u00f3n : 4&#8242;<br \/>\nTexto : H. Vogel. Obra hom\u00f3nima.<br \/>\nEstreno : Santiago, Noviembre 28, 1989. Goethe Institut. Lorna Guzm\u00e1n (soprano) y Margarita Herrera (piano).<\/p>\n<p>24.- \u00abVetro\u00bb, para Viol\u00edn, Clarinete y Violoncello. <a href=\"https:\/\/www.youtube.com\/watch?v=KzW0JDTkm4U\">Audio<\/a><br \/>\nA\u00f1o de composici\u00f3n : 1984<br \/>\nEditor : Manuscrito<br \/>\nDuraci\u00f3n : 5&#8242;<br \/>\nEstreno : Siena, Italia, Agosto 26, 1984. Accademia Musicale Chigiana. Interpretada por alumnos del Curso de Interpretaci\u00f3n de M\u00fasica Contempor\u00e1nea de la misma Accademia.<br \/>\nObservaciones : Esta obra le vali\u00f3 al autor, ser invitado a Paris por el Conservatorio de esa ciudad y el estreno de ella en Francia por parte de Radio France. Se estren\u00f3 en Chile el 6 de Mayo de 1986. Teatro Universidad Cat\u00f3lica. Sergio Prieto (viol\u00edn), Luis Rossi (clarinete), Edgar Fischer (violoncello). Grabada en CD \u00abM\u00fasica Chilena del Siglo XX\u00bb, Volumen IV, ANC &#8211; 6003-4. Rub\u00e9n Sierra (viol\u00edn), Luis Rossi (clarinete), Celso L\u00f3pez (violoncello)<\/p>\n<p>26.- \u00abScie&#8230;\u00bb, para Doce ejecutantes (Flauta, Oboe, Clarinete, Corno, Fagot, Violines, Viola, Violoncello, Contrabajo y percusiones).<br \/>\nA\u00f1o de composici\u00f3n : 1984<br \/>\nEditor : Manuscrito<br \/>\nDuraci\u00f3n : 15&#8242;<\/p>\n<p>30.- \u00abElefantas\u00eda\u00bb, para Cuarteto de Cuerdas.<br \/>\nA\u00f1o de composici\u00f3n : 1986<br \/>\nEditor : Manuscrito<br \/>\nDuraci\u00f3n : 9&#8242;<br \/>\nTexto : Achille Chav\u00e9e.<br \/>\nObservaciones : Obra comisionada por la Corporaci\u00f3n Cultural de Santiago.<\/p>\n<p>31.- \u00abSub Terra\u00bb, para Violoncello y Piano. <a href=\"https:\/\/youtu.be\/3bk2NlgSUi8\">Audio<\/a><br \/>\nA\u00f1o de composici\u00f3n : 1986<br \/>\nEditor : Manuscrito<br \/>\nDuraci\u00f3n : 5&#8217;30\u00bb<br \/>\nEstreno : Vi\u00f1a del Mar, Noviembre, 1986. Teatro Municipal de Vi\u00f1a del Mar. Concursantes del XIIII Concurso Internacional de Ejecuci\u00f3n Musical de Vi\u00f1a del Mar (Violoncello), Elvira Savi (Piano).<br \/>\nObservaciones : Obra comisionada por la Corporaci\u00f3n Orquesta Sinf\u00f3nica Regional con motivo del XIIII Concurso Internacional de Ejecuci\u00f3n Musical de Vi\u00f1a del Mar. Grabada en CD por Edgar Fischer (violoncello) y Mar\u00eda Iris Radrig\u00e1n (piano), 2002.<\/p>\n<p>36.- \u00abQuetinto\u00bb para Flauta, Flauta Piccolo, Clarinete, Clarinete Bajo, Corno Ingl\u00e9s, Corno, Fagot y Contrafagot (cinco ejecutantes). <a href=\"https:\/\/youtu.be\/iOFoY-gduwc\">Audio<\/a><br \/>\nA\u00f1o de composici\u00f3n : 1989<br \/>\nEditor : Manuscrito<br \/>\nDuraci\u00f3n : 12&#8242;<br \/>\nEstreno : Santiago de Chile, Septiembre 7, 1990. Centro de Extensi\u00f3n de la Pontificia Universidad Cat\u00f3lica de Chile. Quinteto Pro-Arte de la Pontificia Universidad Cat\u00f3lica de Chile.<br \/>\nObservaciones : Grabada en CD por el Ensamble de Vientos de la Universidad Cat\u00f3lica de Chile, 1998.<\/p>\n<p>39.- \u00abVariae\u00bb para Piano, Contrabajo, Viol\u00edn, Trompeta y Clarinete. <a href=\"https:\/\/youtu.be\/i7Y7_JoKt5A\">Audio<\/a><br \/>\nA\u00f1o de composici\u00f3n : 1990<br \/>\nEditor : Manuscrito<br \/>\nDuraci\u00f3n : 11&#8242;<br \/>\nEstreno : Santiago de Chile, Enero 14, 1991. Instituto Cultural de Las Condes. Elvira Savi (piano), Jaime de la Jara (viol\u00edn), Ismael Torres (contrabajo), John Schroeder (trompeta) y Francisco Gouet (clarinete).<br \/>\nObservaciones : Obra comisionada por la Corporaci\u00f3n Cultural de Las Condes, Santiago de Chile. Grabada en CD por Luis Alberto Latorre (piano), Juan Sebasti\u00e1n Leiva (viol\u00edn), Eugenio Parra (contrabajo), John Schroeder (trompeta) y Francisco Gouet (clarinete).<\/p>\n<p>42.- \u00abBedesch\u00bb para 10 m\u00fasicos. (Flauta, Clarinete Bajo, Trompeta, Arpa, Piano, Guitarra, Vibr\u00e1fono, Marimba, Viol\u00edn, Viola y Violoncello)<\/p>\n<p>A\u00f1o de composici\u00f3n : 1991<br \/>\nEditor : Manuscrito<br \/>\nDuraci\u00f3n : 4&#8242;<br \/>\nObservaciones : Obra realizada como proyecto de creaci\u00f3n convocado por el DIUC (Direcci\u00f3n de Investigaci\u00f3n de la Universidad Cat\u00f3lica de Chile).<\/p>\n<p>43.- \u00abCuart\u00e9mpora\u00bb para Cuarteto de Cuerdas <a href=\"https:\/\/youtu.be\/pzHK9RuhO1o\">Audio<\/a><\/p>\n<p>A\u00f1o de composici\u00f3n : 1992<br \/>\nEditor : Copia Finale<br \/>\nDuraci\u00f3n : 12&#8242;<br \/>\nEstreno : Santiago de Chile, Noviembre 16, 2012<br \/>\nCuarteto UNTREF (David N\u00fa\u00f1ez y Carlos Britez, violines; Mariano Malamud, viola; Martin Devoto, violoncello) Sala A1 Centro Cultural Gabriela Mistral GAM XXII Festival de M\u00fasica Contempor\u00e1nea Chilena.<br \/>\nObservaciones : Obra realizada como proyecto de creaci\u00f3n convocado por el DIUC (Direcci\u00f3n de Investigaci\u00f3n de la Universidad Cat\u00f3lica de Chile).<\/p>\n<p>45.- \u00abLeches\u00bb Opera de C\u00e1mara<\/p>\n<p>A\u00f1o de composici\u00f3n : 1993<br \/>\nEditor : Manuscrito<br \/>\nDuraci\u00f3n : 50&#8242;<br \/>\nTexto : Sergio Marras, obra hom\u00f3nima<br \/>\nObservaciones : Obra realizada como proyecto de creaci\u00f3n convocado por el DIUC (Direcci\u00f3n de Investigaci\u00f3n de la Universidad Cat\u00f3lica de Chile).<\/p>\n<p>48.- \u00abSeptentri\u00f3n\u00bb para Conjunto de Vientos (Flauta piccolo, Flauta, Flauta baja, Oboe, Clarinete, Clarinete bajo, Fagot, Trompeta, Corno y Tromb\u00f3n) <a href=\"https:\/\/youtu.be\/9g8-YYc8630\">Audio<\/a><\/p>\n<p>A\u00f1o de composici\u00f3n : 1996<br \/>\nEditor : Copia Finale<br \/>\nDuraci\u00f3n : 11&#8242;<br \/>\nEstreno : Santiago de Chile, Noviembre 9, 1996. Aula Magna, Centro de Extensi\u00f3n de la Pontificia Universidad Cat\u00f3lica de Chile. Ensamble de Vientos U.C. Alejandro Guarello (direcci\u00f3n).<br \/>\nObservaciones : Obra realizada como proyecto de creaci\u00f3n convocado por el DIPUC (Direcci\u00f3n de Investigaci\u00f3n y Post-grado de la Universidad Cat\u00f3lica de Chile). Grabada en CD por el Ensamble de Vientos de la Universidad Cat\u00f3lica de Chile, 1998.<\/p>\n<p>49.- \u00abCuarterola\u00bb para Flauta piccolo, Flauta, Flauta baja, Violoncello, Marimba y Piano <a href=\"https:\/\/youtu.be\/9GYAySx5mU0\">Audio<\/a><\/p>\n<p>A\u00f1o de composici\u00f3n : 1996<br \/>\nEditor : Copia Finale<br \/>\nDuraci\u00f3n : 11&#8242;<br \/>\nEstreno : Santiago de Chile, Enero 14, 1998. Sala Isidora Zegers, Facultad de Artes de la Universidad de Chile. Guillermo Lavado (flauta), Celso L\u00f3pez (violoncello), Miguel Z\u00e1rate (marimba) y Luis Alberto Latorre (piano). Alejandro Guarello (direcci\u00f3n).<br \/>\nObservaciones : Grabada en CD por Guillermo Lavado, Celso L\u00f3pez, Miguel Z\u00e1rate y Luis Alberto Latorre, 1998.<\/p>\n<p>51.- \u00abDoo&#8230;.Pit\u00bb para Dos Flautas, Clarinete Bajo, Dos Percusionistas, Dos Violines y Violoncello <a href=\"https:\/\/www.youtube.com\/watch?v=JHEj5SSak2w\">Audio<\/a><\/p>\n<p>A\u00f1o de composici\u00f3n : 1999 -2000<br \/>\nEditor : Copia Finale<br \/>\nDuraci\u00f3n : 15&#8242;<br \/>\nEstreno : Santiago de Chile, Junio 2, 2004. Goethe Institut. Karina Fischer y Guillermo Lavado (flautas), Francisco Gouet (clarinete), Ricardo Vivanco y Laura Medina (percusiones), Isidro Rodr\u00edguez y Cecilia Carrere (violines) y Celso L\u00f3pez (violoncello) Juan Carlos Tolosa (direcci\u00f3n). I Encuentro Internacional de Compositores.<br \/>\nObservaciones : Obra grabada en CD por Karina Fischer y Guillermo Lavado (flautas), Francisco Gouet (clarinete), Miguel Z\u00e1rate y Pedro Marambio (percusiones), Isidro Rodr\u00edguez y Cecilia Carrere (violines y Celso L\u00f3pez (violoncello), 2002<\/p>\n<p>52.- \u00abVikach I\u00bb para Saxos y Percusi\u00f3n <a href=\"https:\/\/youtu.be\/eq_JVCzKa68\">Audio<\/a><\/p>\n<p>A\u00f1o de composici\u00f3n : 2000<br \/>\nEditor : Copia Finale<br \/>\nDuraci\u00f3n : 8&#8242;<br \/>\nEstreno : Santiago de Chile. Septiembre 27, 2001. Sala Isidora Zegers, Facultad de Artes de la Universidad de Chile. Miguel Villafruela (saxos) y Rodrigo Kanamori (percusi\u00f3n)<br \/>\nObservaciones : Obra comisionada por Miguel Villafruela para ser grabada en CD por Miguel Villafruela (saxos) y Rodrigo Kanamori (percusi\u00f3n).<\/p>\n<p>55.- \u00abLa Bella Datoki\u00bb para Viol\u00edn, Guitarras, Clarinetes, Piano y Electr\u00f3nica <a href=\"https:\/\/youtu.be\/W0NVsrAhE6E\">Audio<\/a><br \/>\nA\u00f1o de composici\u00f3n : 2002<br \/>\nEditor : Copia Finale<br \/>\nDuraci\u00f3n : 10&#8242;<br \/>\nEstreno : Caracas, Venezuela. Julio 17, 2002 Festival A TEMPO. Ensamble Black Jackets Company<br \/>\nObservaciones : Obra encargada por Ensamble Black Jackets Company<\/p>\n<p>56.-\u00a0\u00a0 \u00a0\u00abCopienkuart\u00bb para Flauta, Saxo, Arpa y Violoncello <a href=\"https:\/\/youtu.be\/Ij1ljt3huBc\">Audio<\/a><br \/>\nA\u00f1o de composici\u00f3n\u00a0\u00a0 \u00a0: \u00a0\u00a0 \u00a02002<br \/>\nEditor\u00a0\u00a0 \u00a0\u00a0\u00a0 \u00a0\u00a0\u00a0 \u00a0: \u00a0\u00a0 \u00a0Copia Finale<br \/>\nDuraci\u00f3n\u00a0\u00a0 \u00a0\u00a0\u00a0 \u00a0: \u00a0\u00a0 \u00a010&#8242;<br \/>\nEstreno\u00a0\u00a0 \u00a0\u00a0\u00a0 \u00a0:\u00a0\u00a0 Santiago de Chile. Noviembre 15, 2011. Centro Cultural Gabriela Mistral (GAM), XXI Festival de M\u00fasica Contempor\u00e1nea Chilena. Miguel Villafruela (saxo), Wilson Padilla, (flauta), Manuel Jim\u00e9nez (arpa) y Celso L\u00f3pez (violoncello)<br \/>\nObservaciones\u00a0\u00a0 \u00a0: \u00a0\u00a0 \u00a0Obra encargada por Asunci\u00f3n Claro y Lars Graugaard\u00a0 para un festival en Copenhagen, Dinamarca.<\/p>\n<p>58.- \u00abDALE!!!\u00bb para Flauta, Guitarra, Violoncello y Piano <a href=\"https:\/\/www.alejandroguarello.cl\/wp-content\/uploads\/2014\/02\/DALEweb.mp3\">Audio<\/a><br \/>\nA\u00f1o de composici\u00f3n : 2003<br \/>\nEditor : Copia Finale<br \/>\nDuraci\u00f3n : 12&#8217;30\u00bb<br \/>\nEstreno : Santiago de Chile, Noviembre 13, 2003 Taller de M\u00fasica Contempor\u00e1nea UC, Pablo Aranda (direcci\u00f3n). Sal\u00f3n Fresno, Centro de Extensi\u00f3n de la Pontificia Universidad Cat\u00f3lica de Chile. XIII Festival de M\u00fasica Contempor\u00e1nea Chilena<br \/>\nObservaciones : Obra comisionada por el Taller de M\u00fasica Contempor\u00e1nea UC<\/p>\n<p>59.- \u00abFlexflo\u00bb para dos flautas <a href=\"https:\/\/www.youtube.com\/watch?v=tjTK7P0Wf9U\">Audio<\/a><br \/>\nA\u00f1o de composici\u00f3n : 2004<br \/>\nEditor : Copia Finale<br \/>\nDuraci\u00f3n : 10&#8242;<br \/>\nEstreno : Santiago de Chile, Noviembre 25, 2004 Karina Fischer y Guillermo Lavado, flautas. Sal\u00f3n Fresno, Centro de Extensi\u00f3n de la Pontificia Universidad Cat\u00f3lica de Chile XIV Festival de M\u00fasica Contempor\u00e1nea Chilena.<br \/>\nObservaciones : Obra encargada por Guillermo Lavado y Karina Fischer y financiada por el Consejo Nacional de la Cultura y las Artes, FONDART 2004<\/p>\n<p>61.- \u00abTurbio\u00bb para dos violines <a href=\"https:\/\/youtu.be\/ZyihsnEKA8c\">Audio<\/a><br \/>\nA\u00f1o de composici\u00f3n : 2004<br \/>\nEditor : Copia Finale<br \/>\nDuraci\u00f3n : 10\u2019<br \/>\nEstreno : 16 de febrero de 2007 Sala L\u2019Imprimerie, Bruselas, B\u00e9lgica. David N\u00fa\u00f1ez y Sona Kochafian, Violines<br \/>\nObservaciones : Obra financiada por el Consejo Nacional de la Cultura y las Artes, FONDART 2004<\/p>\n<p>63.- \u00abN-oir-T\u00bb para violin, violoncello y piano <a href=\"https:\/\/www.youtube.com\/watch?v=m1HTab2Nknc\">Video<\/a> <a href=\"https:\/\/youtu.be\/k8Q8iCx-ykw\">Audio<\/a><br \/>\nA\u00f1o de composici\u00f3n : 2005-6<br \/>\nEditor : Copia Finale<br \/>\nDuraci\u00f3n : 9\u2019<br \/>\nEstreno : 1 de agosto de 2006. Sala Goethe Institut Santyiago Chile. Isidro Rodr\u00edguez, viol\u00edn, Celso L\u00f3pez, violoncello y Luis Alberto Latorre, piano.<br \/>\nObservaciones : Obra financiada por el Consejo Nacional de la Cultura y las Artes, Fondo para el Fomento de la M\u00fasica Nacional 2005<\/p>\n<p>64.- \u00abEnCIMA\u00bb para piccolo &#8211; flauta, flauta en sol, violin, viola y piano <a href=\"https:\/\/www.alejandroguarello.cl\/wp-content\/uploads\/2014\/02\/EnCimaweb.mp3\">Audio<\/a><br \/>\nA\u00f1o de composici\u00f3n : 2006<br \/>\nEditor : Copia Finale<br \/>\nDuraci\u00f3n : 13\u2019<br \/>\nEstreno : Santiago, Noviembre 6, 2006. Goethe Institut. Karina Fischer y Guillermo Lavado , flautas; Cecilia Carrere, violin; Isidro Rodr\u00edguez, viola y Luis Alberto Latorre, piano.<br \/>\nObservaciones : Obra comisionada por el Colectivo de Int\u00e9rpretes de M\u00fasica Actual (CIMA)<\/p>\n<p>65.- \u00abRetri\u00bb para flauta y piano <a href=\"https:\/\/youtu.be\/dxHRl7m7LgY\">Audio<\/a><br \/>\nA\u00f1o de composici\u00f3n : 2007<br \/>\nEditor : Copia Finale<br \/>\nDuraci\u00f3n : 7\u2019<br \/>\nEstreno : Santiago de Chile, 13 de junio de 2009. Estela Bellomio, flauta y Evelia Sabatini, piano. Festival de M\u00fasica Contempor\u00e1nea INACAP. Auditorio INACAP<br \/>\nObservaciones : Obra comisionada por Estela Bellomio.<\/p>\n<p>67.- \u00abFractande\u00bb para cuarteto de cuerdas <a href=\"https:\/\/youtu.be\/TNsNH5vxg9U\">Audio<\/a><br \/>\nA\u00f1o de composici\u00f3n : 2008<br \/>\nEditor : Copia Finale<br \/>\nDuraci\u00f3n : 12\u2019<br \/>\nEstreno : Santiago de Chile, Noviembre 12, 2008 Cuarteto DIOTIMA (Francia) Sal\u00f3n Fresno, Centro de Extensi\u00f3n de la Pontificia Universidad Cat\u00f3lica de Chile. XIX Festival de M\u00fasica Contempor\u00e1nea Chilena<br \/>\nObservaciones : Obra comisionada por DIOTIMA QUATOUR, Paris, Francia<\/p>\n<p>68.- \u00abEncimados\u00bb para flauta, clarinete, clarinete bajo, violin, viola, violoncello, percussion y piano<br \/>\nA\u00f1o de composici\u00f3n : 2009<br \/>\nEditor : Copia Finale<br \/>\nDuraci\u00f3n : 10\u2019<br \/>\nEstreno : Madrid, Mayo 12, 2010 Plural Ensemble (Espa\u00f1a) Wolfgang Lischke (Alemania), director. Auditorio Nacional de Madrid<br \/>\nObservaciones : Obra comisionada por PLURAL ENSEMBLE (Espa\u00f1a)<\/p>\n<p>70. \u00abEstreliano\u00bb para violin y piano <a href=\"https:\/\/youtu.be\/1gRX-_Lzpls\">Audio<\/a><br \/>\nA\u00f1o de composici\u00f3n : 2010<br \/>\nEditor : Copia Finale<br \/>\nDuraci\u00f3n : 8\u2019<br \/>\nEstreno : 1 de agosto de 2010. David N\u00fa\u00f1ez, viol\u00edn y Jorge Pepi, piano. IV Encuentro Internacional de Compositores. Santiago, Sala Goethe Institut.<\/p>\n<p>71.- \u00abTalcualtal\u00bb para flauta, tromb\u00f3n, percusi\u00f3n, violoncello, contrabajo y electr\u00f3nica <a href=\"https:\/\/youtu.be\/6TSPItjdqeY\">Audio<\/a><br \/>\nA\u00f1o de composici\u00f3n : 2010<br \/>\nEditor : Copia Finale<br \/>\nDuraci\u00f3n : 12\u2019<br \/>\nEstreno : Santiago de Chile, Noviembre 11, 2010 Guillermo Lavado, flauta; H\u00e9ctor Montalvan, tromb\u00f3n; Cristian Gutierrez, violoncello; Carlos Arenas, contrabajo; Gerardo Salazar, percusi\u00f3n. Sala A1 Centro Cultural Gabriela Mistral GAM XX Festival de M\u00fasica Contempor\u00e1nea Chilena.<br \/>\nObservaciones : Obra financiada por la Vicerrector\u00eda de Investigaci\u00f3n de la Pontificia Universidad Cat\u00f3lica de Chile. 2009<\/p>\n<p>73.- \u00abMUFA\u00bb para Ensamble <a href=\"https:\/\/youtu.be\/jLWEjCda1ac\">video<\/a> <a href=\"https:\/\/www.youtube.com\/watch?v=sbYudeAW138\">audio<\/a><br \/>\nA\u00f1o de composici\u00f3n : 2013<br \/>\nEditor : Copia Finale<br \/>\nDuraci\u00f3n : 14\u2019<br \/>\nEstreno : Colonia, Alemania, Noviembre 11, 2015 Ensemble Musikfabrik, Johannes Sch\u00f6llhorn, director. Kammer Musik Saal. Deutschlandfunk<br \/>\nObservaciones : Obra comisionada por Musikfabrik, Colonia, Alemania. Seleccionada y programada para los World New Music Days de Vancouver, Canada. Int\u00e9rpretes Turning Point Ensemble, Owen Underhill, Director, 06 de noviembre 2017<\/p>\n<p>77.- \u00abTrono I y II\u00bb para Percusiones <a href=\"https:\/\/ensambledepercusionxilos.bandcamp.com\/track\/trono-i\">audio<\/a> I <a href=\"https:\/\/ensambledepercusionxilos.bandcamp.com\/track\/trono-ii\">audio II<\/a><br \/>\nA\u00f1o de composici\u00f3n : 2018<br \/>\nEditor : Copia Finale<br \/>\nDuraci\u00f3n : 8\u2019<br \/>\nEstreno : 07 de diciembre de 2018 Grupoi Xilos, percusiones. Teatro Municipal de Valpara\u00edso, Chile<br \/>\nObservaciones : Obra comisionada por el Grupo Xilos de Valpara\u00edso como parte de un proyecto del Fondo de Fomento a la M\u00fasica Nacional 2018.<br \/>\nObservaciones : Obra comisionada por el Grupo Xilos de Valpara\u00edso como parte de un proyecto del Fondo de Fomento a la M\u00fasica Nacional 2018.<\/p>\n<p>81.- \u00abKlima Klama\u00bb para flauta, clarinete, piano, viol\u00edn, violoncello y percusi\u00f3n <a href=\"https:\/\/www.youtube.com\/watch?v=rC5uaX49MGk\">video audio<\/a><br \/>\nA\u00f1o de composici\u00f3n : 2025<br \/>\nEditor : Copia Finale<br \/>\nDuraci\u00f3n : 11\u2019 30\u00bb<br \/>\nEstreno : 23 de Octubre 2025 Sala Alte Feuerwache, Colonia, Alemania<br \/>\nObservaciones : Obra comisionada por Kunststiftung NRW de D\u00fcsseldorf y escrita especialmente para<br \/>\nE-MEX Ensamble, Alemania<\/p>\n<p>[whohit]-Grupos o Ensambles-[\/whohit]<\/p>\n","protected":false},"excerpt":{"rendered":"<p>1.- \u00abInvenci\u00f3n\u00bb, para Oboe y Viola. A\u00f1o de composici\u00f3n : 1976 Editor : I.E.M. copia Heliogr\u00e1fica. Duraci\u00f3n : 3&#8242; 3.- \u00abPseudovariaciones\u00bb, para Dos percusionistas. Audio A\u00f1o de composici\u00f3n : 1977&hellip; <\/p>\n","protected":false},"author":2,"featured_media":0,"parent":510,"menu_order":2,"comment_status":"closed","ping_status":"closed","template":"","meta":{"footnotes":""},"_links":{"self":[{"href":"https:\/\/www.alejandroguarello.cl\/index.php?rest_route=\/wp\/v2\/pages\/116"}],"collection":[{"href":"https:\/\/www.alejandroguarello.cl\/index.php?rest_route=\/wp\/v2\/pages"}],"about":[{"href":"https:\/\/www.alejandroguarello.cl\/index.php?rest_route=\/wp\/v2\/types\/page"}],"author":[{"embeddable":true,"href":"https:\/\/www.alejandroguarello.cl\/index.php?rest_route=\/wp\/v2\/users\/2"}],"replies":[{"embeddable":true,"href":"https:\/\/www.alejandroguarello.cl\/index.php?rest_route=%2Fwp%2Fv2%2Fcomments&post=116"}],"version-history":[{"count":45,"href":"https:\/\/www.alejandroguarello.cl\/index.php?rest_route=\/wp\/v2\/pages\/116\/revisions"}],"predecessor-version":[{"id":993,"href":"https:\/\/www.alejandroguarello.cl\/index.php?rest_route=\/wp\/v2\/pages\/116\/revisions\/993"}],"up":[{"embeddable":true,"href":"https:\/\/www.alejandroguarello.cl\/index.php?rest_route=\/wp\/v2\/pages\/510"}],"wp:attachment":[{"href":"https:\/\/www.alejandroguarello.cl\/index.php?rest_route=%2Fwp%2Fv2%2Fmedia&parent=116"}],"curies":[{"name":"wp","href":"https:\/\/api.w.org\/{rel}","templated":true}]}}