{"id":118,"date":"2014-01-29T16:13:41","date_gmt":"2014-01-29T16:13:41","guid":{"rendered":"http:\/\/www.alejandroguarello.cl\/?page_id=118"},"modified":"2021-09-01T09:45:25","modified_gmt":"2021-09-01T13:45:25","slug":"solos-instrumentales","status":"publish","type":"page","link":"https:\/\/www.alejandroguarello.cl\/?page_id=118","title":{"rendered":"Solos instrumentales"},"content":{"rendered":"<p>2.- \u00abTritonadas\u00bb, para Piano.<br \/>\nA\u00f1o de composici\u00f3n : 1977<br \/>\nEditor : I.E.M. copia Hel.<br \/>\nDuraci\u00f3n : 5&#8242; 55&#8243;<br \/>\nEstreno : Santiago, Septiembre 28, 1977. Sala Isidora Zegers. Cirilo Vila (piano).<br \/>\nObservaciones : Segundo Premio en el Concurso de Composici\u00f3n Musical organizado por la Sociedad Amigos del Arte, 1977. En la Facultad de Artes, U. de Chile se conservan dos grabaciones registradas como: M-8087 D y S-7177 C.<\/p>\n<p>12.- \u00abSolitario I\u00bb, para Clarinete solo. <a href=\"https:\/\/youtu.be\/bCt5V9uFx4E\">Audio<\/a>\u00a0 <a href=\"https:\/\/www.youtube.com\/watch?v=2vT36ibHN_U\">Video<\/a><br \/>\nA\u00f1o de composici\u00f3n : 1979<br \/>\nEditor : Manuscrito<br \/>\nDuraci\u00f3n : 6&#8242; 30&#8243;<br \/>\nEstreno : Santiago, Agosto 3, 1981. Escuela Moderna de M\u00fasica, Luis Rossi (clarinete).<br \/>\nObservaciones : Grabado en CD por Luis Rossi, 1998<\/p>\n<p>28.- \u00abSolitario II\u00bb, para Violoncello solo. <a href=\"https:\/\/www.youtube.com\/watch?v=K7BWoIkwmJs\">Audio<\/a><br \/>\nA\u00f1o de composici\u00f3n : 1985<br \/>\nEditor : Manuscrito<br \/>\nDuraci\u00f3n : 14&#8242;<br \/>\nEstreno : Santiago, Septiembre 2, 1985. Sala Instituto Chileno-Franc\u00e9s de Cultura. Pierre Strauch (violoncello)<br \/>\nObservaciones : Esta obra se estren\u00f3 en Perpignan, Francia, Julio 9, 1987. Gymnase de la Plage, Saint Cyprien por Eduardo Valenzuela.(violoncello) Grabada en CD por Celso L\u00f3pez, 1998.<\/p>\n<p>29.- \u00abPour Klavier\u00bb, para Piano solo. <a href=\"https:\/\/youtu.be\/F11MezEFc2o\">Audio<\/a><br \/>\nA\u00f1o de composici\u00f3n : 1985<br \/>\nEditor : Manuscrito<br \/>\nDuraci\u00f3n : 7&#8242;<br \/>\nEstreno : Santiago, Octubre 3, 1985. Sala Goethe Institut. Cecilia Plaza (piano).<br \/>\nObservaciones : Obra editada en Cassette por el Sello A.M.A. En Marzo 11, 1988 estreno en Alemania, Aula Altes Gymnasium. Grabada en CD por Carla Sandoval (piano), 2002.<\/p>\n<p>32.- \u00abSolitario III\u00bb, para Corno solo.\u00a0<a href=\"https:\/\/www.youtube.com\/watch?v=eqNTyqoMeTE\">Audio<\/a><br \/>\nA\u00f1o de composici\u00f3n : 1987<br \/>\nEditor : Manuscrito<br \/>\nDuraci\u00f3n : 6&#8242;<br \/>\nEstreno : Santiago, Octubre , 1987. Sala Goethe Institut. Edward Brown (corno).<br \/>\nObservaciones : Obra editada en Cassette por el Sello EMI, Odeon. 1988.Grabada en CD por Edward Brown, 1998.<\/p>\n<p>37.- \u00abBase Esad\u00bb para Guitarra sola. <a href=\"https:\/\/youtu.be\/6ejhMAnE_VU\">Audio<\/a><br \/>\nA\u00f1o de composici\u00f3n : 1990<br \/>\nEditor : Manuscrito<br \/>\nDuraci\u00f3n : 10&#8242;<br \/>\nEstreno : Londres, Inglaterra, Mayo 25, 1990. Wigmore Hall. Oscar Ohlsen (guitarra).<br \/>\nObservaciones : Grabada en CD por Oscar Ohlsen (guitarra),2001.<\/p>\n<p>40.- \u00abSolitario IV\u00bb para Viol\u00edn solo <a href=\"https:\/\/www.alejandroguarello.cl\/wp-content\/uploads\/2014\/02\/Solitario-IVweb.mp3\">Audio<\/a>\u00a0\u00a0 <a href=\"https:\/\/www.alejandroguarello.cl\/wp-content\/uploads\/2014\/04\/Solitario-IV-copia.pdf\">Partitura<\/a><br \/>\nA\u00f1o de composici\u00f3n : 1991<br \/>\nEditor : Manuscrito<br \/>\nDuraci\u00f3n : 12&#8242;<br \/>\nEstreno : Santiago de Chile, Septiembre 5, 1992. Escuela de Arquitectura de la Pontificia Universidad Cat\u00f3lica de Chile. Isidro Rodriguez (viol\u00edn).<br \/>\nObservaciones : Obra realizada como proyecto de creaci\u00f3n convocado por el DIUC (Direcci\u00f3n de Investigaci\u00f3n de la Universidad Cat\u00f3lica de Chile). Grabada en CD por Isidro Rodr\u00edguez, 1998.<\/p>\n<p>41.- \u00abSolitario V\u00bb para Trompeta sola <a href=\"https:\/\/youtu.be\/7XjZyGEYtK8\">Audio<\/a><br \/>\nA\u00f1o de composici\u00f3n : 1991<br \/>\nEditor : Manuscrito<br \/>\nDuraci\u00f3n : 6&#8242;<br \/>\nEstreno : Santiago de Chile, Septiembre 5, 1992. Escuela de Arquitectura de la Pontificia Universidad Cat\u00f3lica de Chile. John Schroeders (trompeta).<br \/>\nObservaciones : Obra realizada como proyecto de creaci\u00f3n convocado por el DIUC (Direcci\u00f3n de Investigaci\u00f3n de la Universidad Cat\u00f3lica de Chile). Grabada en CD por Javier Contreras, 1998.<\/p>\n<p>44.- \u00abDomuns\u00bb para Piano solo <a href=\"https:\/\/youtu.be\/Ho_px7cV6i8\">Audio<\/a><\/p>\n<p>A\u00f1o de composici\u00f3n : 1992<br \/>\nEditor : Copia Finale<br \/>\nDuraci\u00f3n : 20&#8242;<br \/>\nEstreno : Santiago de Chile, Agosto 3 &#8211; 5, 1995. Teatro California y Centro de Extensi\u00f3n de la Pontificia Universidad Cat\u00f3lica de Chile. Alfredo Perl (piano).<br \/>\nObservaciones : Obra realizada como proyecto de creaci\u00f3n convocado por el Ministerio de Educaci\u00f3n de Chile (FONDART). Estreno en Tokio por Noriko Ohtake. Grabada por Noriko Ohtake en CD \u00abChile-Jap\u00f3n\u00bb editado por la Universidad de Chile. 1997<\/p>\n<p>50.- \u00abAprar&#8217; B\u00f3\u00bb para Arpa sola<\/p>\n<p>A\u00f1o de composici\u00f3n : 1997-1998<br \/>\nEditor : Copia Finale<br \/>\nDuraci\u00f3n : 16&#8242;<br \/>\nEstreno : Caracas, Venezuela, Noviembre 12, 2000. Sala Galer\u00eda Ateneo de Caracas. Asunci\u00f3n Claro, Arpa. XI Festival Latinoamericano de M\u00fasica.<br \/>\nObservaciones : Obra realizada como proyecto de creaci\u00f3n convocado por el DIPUC (Direcci\u00f3n de Investigaci\u00f3n y PostGrado de la Universidad Cat\u00f3lica de Chile). Estreno en Chile Santiago, Noviembre 22, 2000. Sal\u00f3n Fresno, Centro de Extensi\u00f3n de la Pontificia Universidad Cat\u00f3lica de Chile. D\u00e9cimo Festival de M\u00fasica Chilena Contempor\u00e1nea.<\/p>\n<p>53.- \u00abSolitario VI\u00bb para Flauta sola <a href=\"https:\/\/youtu.be\/4MNHzUChIw0\">Audio<\/a><br \/>\nA\u00f1o de composici\u00f3n : 2001<br \/>\nEditor : Copia Finale<br \/>\nDuraci\u00f3n : 12&#8242;<br \/>\nEstreno : Copenhage, Dinamarca. Septiembre 23, 2001. Sorgenfri Kirke. Lars Graugaard (flauta).<br \/>\nObservaciones : Obra realizada como proyecto de creaci\u00f3n convocado por el DIPUC (Direcci\u00f3n de Investigaci\u00f3n de la Universidad Cat\u00f3lica de Chile). 2000. Obra grabada en CD por Guillermo Lavado (flauta), 2002.<\/p>\n<p>54.- \u00abSolitario VII\u00bb para Oboe solo <a href=\"https:\/\/youtu.be\/2ODlBfIdrTk\">Audio<\/a><br \/>\nA\u00f1o de composici\u00f3n : 2001<br \/>\nEditor : Copia Finale<br \/>\nDuraci\u00f3n : 6&#8242;<br \/>\nEstreno : Santiago de Chile. Agosto 10, 2004. Centro Cultural Montecarmelo, Providencia. Jaime Gonz\u00e1lez (oboe)<br \/>\nObservaciones : Obra realizada como proyecto de creaci\u00f3n convocado por el DIPUC (Direcci\u00f3n de Investigaci\u00f3n de la Universidad Cat\u00f3lica de Chile). 2001<\/p>\n<p>57.- \u00abSND\u00bb para Piano <a href=\"https:\/\/www.alejandroguarello.cl\/wp-content\/uploads\/2014\/02\/Snd.mp3\">Audio<\/a><br \/>\nA\u00f1o de composici\u00f3n : 2003<br \/>\nEditor : Copia Finale<br \/>\nDuraci\u00f3n : 4&#8242;<br \/>\nEstreno : Santiago de Chile, Diciembre 12, 2003. Goethe Institut. Fernanda Ortega (piano)<br \/>\nObservaciones : Obra comisionada por The Associated Board of the Royal Schools of Music, Inglaterra<\/p>\n<p>62.- \u00abSolitario VIII\u00bb para viola sola\u00a0\u00a0 <a href=\"https:\/\/youtu.be\/rXR0uagfWj4\">Audio<\/a><br \/>\nA\u00f1o de composici\u00f3n : 2005<br \/>\nEditor : Copia Finale<br \/>\nDuraci\u00f3n : 12\u2019<br \/>\nEstreno : Santiago de Chile, Noviembre 25, 2005 Garth Knox, viola. Sal\u00f3n Fresno, Centro de Extensi\u00f3n de la Pontificia Universidad Cat\u00f3lica de Chile. XV Festival de M\u00fasica Contempor\u00e1nea Chilena<br \/>\nObservaciones : Obra financiada por el Consejo Nacional de la Cultura y las Artes, Fondo para el Fomento de la M\u00fasica Nacional 2005<\/p>\n<p>69.- \u00abEstrela\u00bb para viol\u00edn<br \/>\nA\u00f1o de composici\u00f3n : 2010<br \/>\nEditor : Manuscrito<br \/>\nDuraci\u00f3n : 7\u2019<br \/>\nEstreno : Santiago de Chile, 22 de enero de 2010. David N\u00fa\u00f1ez, viol\u00edn<br \/>\nObservaciones : Obra escrita para la celebraci\u00f3n del matrimonio Guarello-Bellomio<\/p>\n<p>76.- \u00abBeethoven\u00bb para Piano <a href=\"https:\/\/www.youtube.com\/watch?v=EwP0eAcB8_A&amp;t=97s\">Video<\/a> <a href=\"https:\/\/youtu.be\/SpqIPoPKPjo\">Audio<\/a><br \/>\nA\u00f1o de composici\u00f3n : 2018<br \/>\nEditor : Copia Finale<br \/>\nDuraci\u00f3n : 5\u2019<br \/>\nEstreno : Santiago, 16 de noviembre de 2018, B\u00e1rbara Sanhueza, piano. Teatro Corpartes, Final Concurso \u00abTocando el Cielo\u00bb 2018<br \/>\nObservaciones : Obra comisionada por Radio Beethoven como pieza chilena en el concurso de j\u00f3venes pianistas \u00abTocando el Cielo\u00bb 2018.<br \/>\n[whohit]-Solos instrumentales-[\/whohit]<\/p>\n","protected":false},"excerpt":{"rendered":"<p>2.- \u00abTritonadas\u00bb, para Piano. A\u00f1o de composici\u00f3n : 1977 Editor : I.E.M. copia Hel. Duraci\u00f3n : 5&#8242; 55&#8243; Estreno : Santiago, Septiembre 28, 1977. Sala Isidora Zegers. Cirilo Vila (piano).&hellip; <\/p>\n","protected":false},"author":2,"featured_media":0,"parent":510,"menu_order":3,"comment_status":"closed","ping_status":"closed","template":"","meta":{"footnotes":""},"_links":{"self":[{"href":"https:\/\/www.alejandroguarello.cl\/index.php?rest_route=\/wp\/v2\/pages\/118"}],"collection":[{"href":"https:\/\/www.alejandroguarello.cl\/index.php?rest_route=\/wp\/v2\/pages"}],"about":[{"href":"https:\/\/www.alejandroguarello.cl\/index.php?rest_route=\/wp\/v2\/types\/page"}],"author":[{"embeddable":true,"href":"https:\/\/www.alejandroguarello.cl\/index.php?rest_route=\/wp\/v2\/users\/2"}],"replies":[{"embeddable":true,"href":"https:\/\/www.alejandroguarello.cl\/index.php?rest_route=%2Fwp%2Fv2%2Fcomments&post=118"}],"version-history":[{"count":37,"href":"https:\/\/www.alejandroguarello.cl\/index.php?rest_route=\/wp\/v2\/pages\/118\/revisions"}],"predecessor-version":[{"id":859,"href":"https:\/\/www.alejandroguarello.cl\/index.php?rest_route=\/wp\/v2\/pages\/118\/revisions\/859"}],"up":[{"embeddable":true,"href":"https:\/\/www.alejandroguarello.cl\/index.php?rest_route=\/wp\/v2\/pages\/510"}],"wp:attachment":[{"href":"https:\/\/www.alejandroguarello.cl\/index.php?rest_route=%2Fwp%2Fv2%2Fmedia&parent=118"}],"curies":[{"name":"wp","href":"https:\/\/api.w.org\/{rel}","templated":true}]}}