{"id":126,"date":"2014-01-29T16:17:30","date_gmt":"2014-01-29T16:17:30","guid":{"rendered":"http:\/\/www.alejandroguarello.cl\/?page_id=126"},"modified":"2022-06-10T08:54:00","modified_gmt":"2022-06-10T12:54:00","slug":"publicaciones-sobre-alejandro-guarello","status":"publish","type":"page","link":"https:\/\/www.alejandroguarello.cl\/?page_id=126","title":{"rendered":"Publicaciones sobre Alejandro Guarello"},"content":{"rendered":"<p>Alejandro Guarello en Italia en Chile: Un amor productivo. P\u00e1g. 128. Ograma, Santiago de Chile, julio 2005<\/p>\n<p>Alejandro Guarello en The New Grove Dictionary of Music and Musicians, Segunda edici\u00f3n, Vol\u00famen 10, pags. 476 &#8211; 477, Mcmillan Publisher Limited, New York, 2001<\/p>\n<p>Alejandro Guarello en Diccionario de la M\u00fasica Espa\u00f1ola e HispanoAmericana, Vol\u00famen 5, pags 940 &#8211; 941 &#8211; 942, SGAE, Madrid, 1999.<\/p>\n<p>Alejandro Guarello: Solitarios I al V. Quetinto. Cuarterola. Septentri\u00f3n , Jorge Mart\u00ednez en Resonancias N\u00ba 3, 1998<\/p>\n<p>La m\u00fasica nueva y el ejercicio de la libertad , Rodrigo Torres en Patrimonio Cultural, Revista de la Direcci\u00f3n de Bibliotecas, Archivos y Museos a\u00f1o III N\u00ba12, Santiago de Chile, Octubre 1998<\/p>\n<p>Alejandro Guarello en Compositores de las Am\u00e9ricas, Vol\u00famen 20, OEA, Washinton, D.C. 1993<\/p>\n<p>Alejandro Guarello: Un juicio sin atenuantes, Jimena Villegas en Revista Adagio a\u00f1o I N\u00ba2, Santiago de Chile, 1989<\/p>\n<p>Alejandro Guarello Finlay, Mario Silva en Revista Musical Chilena N\u00ba 159, Facultad de Artes, Universidad de Chile, Santiago de Chile, 1983<\/p>\n<p>Entrada en Wikipedia.org<\/p>\n<p><a href=\"https:\/\/es.wikipedia.org\/wiki\/Alejandro_Guarello\">https:\/\/es.wikipedia.org\/wiki\/Alejandro_Guarello<\/a><\/p>\n<p>Entrada en M\u00fasica Popular.cl<\/p>\n<p><a href=\"https:\/\/www.musicapopular.cl\/artista\/alejandro-guarello\">https:\/\/www.musicapopular.cl\/artista\/alejandro-guarello<\/a><\/p>\n","protected":false},"excerpt":{"rendered":"<p>Alejandro Guarello en Italia en Chile: Un amor productivo. P\u00e1g. 128. Ograma, Santiago de Chile, julio 2005 Alejandro Guarello en The New Grove Dictionary of Music and Musicians, Segunda edici\u00f3n,&hellip; <\/p>\n","protected":false},"author":2,"featured_media":0,"parent":512,"menu_order":3,"comment_status":"closed","ping_status":"closed","template":"","meta":{"footnotes":""},"_links":{"self":[{"href":"https:\/\/www.alejandroguarello.cl\/index.php?rest_route=\/wp\/v2\/pages\/126"}],"collection":[{"href":"https:\/\/www.alejandroguarello.cl\/index.php?rest_route=\/wp\/v2\/pages"}],"about":[{"href":"https:\/\/www.alejandroguarello.cl\/index.php?rest_route=\/wp\/v2\/types\/page"}],"author":[{"embeddable":true,"href":"https:\/\/www.alejandroguarello.cl\/index.php?rest_route=\/wp\/v2\/users\/2"}],"replies":[{"embeddable":true,"href":"https:\/\/www.alejandroguarello.cl\/index.php?rest_route=%2Fwp%2Fv2%2Fcomments&post=126"}],"version-history":[{"count":7,"href":"https:\/\/www.alejandroguarello.cl\/index.php?rest_route=\/wp\/v2\/pages\/126\/revisions"}],"predecessor-version":[{"id":902,"href":"https:\/\/www.alejandroguarello.cl\/index.php?rest_route=\/wp\/v2\/pages\/126\/revisions\/902"}],"up":[{"embeddable":true,"href":"https:\/\/www.alejandroguarello.cl\/index.php?rest_route=\/wp\/v2\/pages\/512"}],"wp:attachment":[{"href":"https:\/\/www.alejandroguarello.cl\/index.php?rest_route=%2Fwp%2Fv2%2Fmedia&parent=126"}],"curies":[{"name":"wp","href":"https:\/\/api.w.org\/{rel}","templated":true}]}}