{"id":374,"date":"2014-02-18T16:17:06","date_gmt":"2014-02-18T16:17:06","guid":{"rendered":"http:\/\/www.alejandroguarello.cl\/?page_id=374"},"modified":"2021-08-30T14:36:57","modified_gmt":"2021-08-30T18:36:57","slug":"musica-coral","status":"publish","type":"page","link":"https:\/\/www.alejandroguarello.cl\/?page_id=374","title":{"rendered":"M\u00fasica Coral"},"content":{"rendered":"<p>5.- \u00abSimulacros\u00bb, para Coro Mixto a Capella. <a href=\"https:\/\/youtu.be\/30DpyHvbbP8\">Audio<\/a>\u00a0\u00a0\u00a0 <a href=\"https:\/\/www.alejandroguarello.cl\/wp-content\/uploads\/2014\/04\/SIMULACR-copia.pdf\">Partitura<\/a><br \/>\nA\u00f1o de composici\u00f3n : 1978<br \/>\nEditor : I.E.M.<br \/>\nDuraci\u00f3n : 3&#8242; 50&#8243;<br \/>\nTexto : Virgilio Rodriguez Sever\u00edn. \u00abSimulacros\u00bb.<br \/>\nEstreno : Santiago, Noviembre 6, 1978. Sala Goethe Institut. Conjunto Vocal de la Universidad Cat\u00f3lica de Valpara\u00edso, Jaime Donoso (director).<br \/>\nObservaciones : Primer Premio en el Concurso de Composici\u00f3n M\u00fasica Coral, Festival de M\u00fasica Contempor\u00e1nea organizado por la Agrupaci\u00f3n Beethoven y el Instituto Goethe, 1978. En la Facultad de Artes, U. de Chile se conserva una grabaci\u00f3n registrada como S-2060 B. Esta obra est\u00e1 publicada en Cassette por la Universidad Metropolitana de Santiago. Antolog\u00eda Coral Chilena. Grabada en CD por el Coro de C\u00e1mara de la Pontificia Universidad Cat\u00f3lica de Chile, 2002.<\/p>\n<p>6.- \u00abCantata: Ca\u00edn y Abel por los Derechos Humanos\u00bb, para Orquesta, Grupo folcl\u00f3rico, Coro y Narrador. <a href=\"https:\/\/www.youtube.com\/watch?v=wey5cGj52CE\">Audio<\/a><br \/>\nA\u00f1o de composici\u00f3n : 1978<br \/>\nEditor : Arzobispado de Santiago, 1979<br \/>\nDuraci\u00f3n : 25&#8242;<br \/>\nTexto : Esteban Gumucio,SS.CC.<br \/>\nEstreno : Santiago, Noviembre 22, 1978. Catedral de Santiago. Roberto Parada (narrador), Grupo \u00abOrtiga\u00bb, Coro y Orquesta dirigidos por Fernando Rosas.<br \/>\nObservaciones : Obra encargada por el Arzobispado de Santiago con motivo de la celebraci\u00f3n del Simposium sobre Derechos Humanos, realizado en Santiago, 1978. Se estren\u00f3 en Lyon , Francia el 6 de Junio de 1983. Alejandro Guarello (director). Adem\u00e1s, esta obra ha sido grabada y editada en Disco y Cassette por el Arzobispado de Santiago, 1979 con una versi\u00f3n dirigida por Alejandro Guarello.<\/p>\n<p>18.- \u00abEin Gleiches\u00bb, para Coro Mixto, Piano y Percusi\u00f3n.<br \/>\nA\u00f1o de composici\u00f3n : 1982<br \/>\nEditor : Manuscrito<br \/>\nDuraci\u00f3n : 5&#8242;<br \/>\nTexto : Wolfgang von Goethe. Obra hom\u00f3nima.<br \/>\nEstreno : Santiago, Septiembre 6, 1982. Goethe Institut. Conjunto Vocal de la U. Cat\u00f3lica de Valpara\u00edso, Jaime Donoso (director), Boris Alvarado (percusi\u00f3n), Mar\u00eda Ang\u00e9lica Bel\u00e1ustegui (piano).<br \/>\nObservaciones : Obra comisionada por Jaime Donoso con motivo de un Concierto homenaje a W. von Goethe.<\/p>\n<p>27.- \u00abDesde el quinto sol\u00bb, para Coro, Grupo Folcl\u00f3rico, Narrador, Orquesta de Cuerdas y Percusi\u00f3n. <a title=\"Video\" href=\"http:\/\/www.youtube.com\/watch?v=4LiiATlvhl0\" target=\"_blank\">http:\/\/www.youtube.com\/watch?v=4LiiATlvhl0<\/a><br \/>\nA\u00f1o de composici\u00f3n : 1985<br \/>\nEditor : Manuscrito<br \/>\nDuraci\u00f3n : 35&#8242;<br \/>\nTexto : Stephen Honeyman. Obra hom\u00f3nima.<br \/>\nEstreno : Lyon, Francia, Junio 8, 1986. Orquesta de Lyon, Chorale Populaire de Lyon, Grupo Pirca, Christian D&#8217;Aubresse (narrador), Ren\u00e9 Giovagnoli (director).<br \/>\nObservaciones : Obra comisionada por la Comunidad Dom\u00ednica. Convento Le Corbusier, La Tourette, Lyon, Francia en homenaje al Padre Bartolom\u00e9 De las Casas.<\/p>\n<p>33.- \u00abSalmo 1\u00bb, para Orquesta, Coro, Solistas y Percusi\u00f3n. <a href=\"https:\/\/youtu.be\/BtP_uRWkyGU\">Audio<\/a><br \/>\nA\u00f1o de composici\u00f3n : 1987<br \/>\nEditor : Manuscrito<br \/>\nDuraci\u00f3n : 9&#8242;<br \/>\nTexto : Salmo n\u00ba1, Beatus Vir.<br \/>\nEstreno : Santiago, Junio 10, 1988. Catedral de Santiago. Orquesta y Coro de la Universidad Cat\u00f3lica, Ver\u00f3nica Soro (soprano), Juan Gutierrez (bajo), Ricardo Kistler (director).<br \/>\nObservaciones : Obra comisionada por la Pontificia Universidad Cat\u00f3lica de Chile con motivo de su Centenario 1888-1988.<\/p>\n<p>35.- \u00abA Force de Colombes\u00bb, Misa para Coro e instrumentos.<br \/>\nA\u00f1o de composici\u00f3n : 1989<br \/>\nEditor : Manuscrito<br \/>\nDuraci\u00f3n : 50&#8242;<br \/>\nTexto : Didier Rimaud, obra hom\u00f3nima.<br \/>\nEstreno : Bourg-en-Bresse, Francia, Junio 25, 1989. Iglesia Pierre Chanel. Chorale de Bourg, Grupo Quinchamali. Alain Goudard (Director).<br \/>\nObservaciones : Obra comisionada por Les Amis de Voix de L&#8217;Ain. Bourg-en-Bresse, Francia.<\/p>\n<p>66.- \u00abIn Christe Lumine\u00bb para doble Coro y Orquesta <a href=\"https:\/\/youtu.be\/qCbHu9Ds8ag\">Audio<\/a>\u00a0\u00a0 <a href=\"https:\/\/www.alejandroguarello.cl\/wp-content\/uploads\/2014\/04\/In-Christi-lumine-copia.pdf\">Partitura<\/a><br \/>\nA\u00f1o de composici\u00f3n : 2008<br \/>\nEditor : Copia Finale<br \/>\nDuraci\u00f3n : 19\u2019<br \/>\nEstreno : Santiago de Chile, mayo 29, 2008 Coro de C\u00e1mara UC, Coro de Estudiantes UC y Orquesta Nacional Juvenil, Jos\u00e9 Luis Dom\u00ednguez, Director. Sal\u00f3n Fresno, Centro de Extensi\u00f3n de la Pontificia Universidad Cat\u00f3lica de Chile.<br \/>\nObservaciones : Obra escrita para celebrar los 120 a\u00f1os de la fundaci\u00f3n de la Pontificia Universidad Cat\u00f3lica de Chile.<\/p>\n<p>[whohit]-M\u00fasica Coral-[\/whohit]<\/p>\n","protected":false},"excerpt":{"rendered":"<p>5.- \u00abSimulacros\u00bb, para Coro Mixto a Capella. Audio\u00a0\u00a0\u00a0 Partitura A\u00f1o de composici\u00f3n : 1978 Editor : I.E.M. Duraci\u00f3n : 3&#8242; 50&#8243; Texto : Virgilio Rodriguez Sever\u00edn. \u00abSimulacros\u00bb. Estreno : Santiago,&hellip; <\/p>\n","protected":false},"author":2,"featured_media":0,"parent":510,"menu_order":4,"comment_status":"closed","ping_status":"closed","template":"","meta":{"footnotes":""},"_links":{"self":[{"href":"https:\/\/www.alejandroguarello.cl\/index.php?rest_route=\/wp\/v2\/pages\/374"}],"collection":[{"href":"https:\/\/www.alejandroguarello.cl\/index.php?rest_route=\/wp\/v2\/pages"}],"about":[{"href":"https:\/\/www.alejandroguarello.cl\/index.php?rest_route=\/wp\/v2\/types\/page"}],"author":[{"embeddable":true,"href":"https:\/\/www.alejandroguarello.cl\/index.php?rest_route=\/wp\/v2\/users\/2"}],"replies":[{"embeddable":true,"href":"https:\/\/www.alejandroguarello.cl\/index.php?rest_route=%2Fwp%2Fv2%2Fcomments&post=374"}],"version-history":[{"count":12,"href":"https:\/\/www.alejandroguarello.cl\/index.php?rest_route=\/wp\/v2\/pages\/374\/revisions"}],"predecessor-version":[{"id":844,"href":"https:\/\/www.alejandroguarello.cl\/index.php?rest_route=\/wp\/v2\/pages\/374\/revisions\/844"}],"up":[{"embeddable":true,"href":"https:\/\/www.alejandroguarello.cl\/index.php?rest_route=\/wp\/v2\/pages\/510"}],"wp:attachment":[{"href":"https:\/\/www.alejandroguarello.cl\/index.php?rest_route=%2Fwp%2Fv2%2Fmedia&parent=374"}],"curies":[{"name":"wp","href":"https:\/\/api.w.org\/{rel}","templated":true}]}}