{"id":494,"date":"2014-05-24T19:02:50","date_gmt":"2014-05-24T23:02:50","guid":{"rendered":"http:\/\/www.alejandroguarello.cl\/?page_id=494"},"modified":"2025-12-18T10:19:24","modified_gmt":"2025-12-18T13:19:24","slug":"curriculum-vitae","status":"publish","type":"page","link":"https:\/\/www.alejandroguarello.cl\/?page_id=494","title":{"rendered":"Curriculum Vitae"},"content":{"rendered":"<p>CURRICULUM VITAE<br \/>\nAlejandro Guarello<\/p>\n<p>1.\u00a0\u00a0 \u00a0ANTECEDENTES PERSONALES<\/p>\n<p>1.\u00a0\u00a0 \u00a0Nombre: Alejandro Patricio Guarello Finlay<br \/>\n2.\u00a0\u00a0 \u00a0Fecha de nacimiento: 21 de Agosto de 1951<br \/>\n3.\u00a0\u00a0 \u00a0Lugar de nacimiento: Valpara\u00edso &#8211; Chile<br \/>\n4.\u00a0\u00a0 \u00a0Nacionalidad: Chilena<br \/>\n5.\u00a0\u00a0 \u00a0Tel\u00e9fono: +56988270098<br \/>\n6.\u00a0\u00a0 \u00a0Email: aguarell@uc.cl<br \/>\n2.\u00a0\u00a0 \u00a0ESTUDIOS<br \/>\n1982 Licenciatura en Composici\u00f3n Musical.<br \/>\nFacultad de Artes, Universidad de Chile<br \/>\n3.\u00a0\u00a0 \u00a0BECAS<br \/>\n1983-1984. Ministerio de Relaciones Exteriores de Italia: Beca Gobierno Italiano. Accademia Santa Cecilia de Roma, Italia. Perfeccionamiento en Composici\u00f3n<\/p>\n<p>1984-1985. Beca Instituto Italo Latinoamericano. Accademia Chigiana de Siena, Italia. Perfeccionamiento en Composici\u00f3n<\/p>\n<p>1983 &#8211; 1985. Vicerrector\u00eda Acad\u00e9mica de la Pontificia Universidad Cat\u00f3lica de Chile. Beca de perfeccionamiento en las instituciones antes mencionadas.<\/p>\n<p>4.\u00a0\u00a0 \u00a0DOCENCIA<\/p>\n<p>i.\u00a0\u00a0\u00a0\u00a0 Cursos dictados en postgrado<br \/>\n2007 \u2013 2009 Seminario I y II, Proyecto I y Proyecto II en el Magister en Artes de la Facultad de Artes de la Pontificia Universidad Cat\u00f3lica de Chile.<\/p>\n<p>ii.\u00a0\u00a0\u00a0\u00a0 Cursos dictados en pregrado<br \/>\n1973 \u2013 1974 Armon\u00eda en la Escuela de M\u00fasica de la Universidad Cat\u00f3lica de Valpara\u00edso.<\/p>\n<p>1974 \u2013 1976\u00a0 T\u00e9cnica Anal\u00edtica en la Escuela de M\u00fasica de la Universidad de Chile de Valpara\u00edso.<\/p>\n<p>1980 \u2013 1983 An\u00e1lisis y\u00a0 Director del Taller de Composici\u00f3n en la Escuela de M\u00fasica de la Universidad Cat\u00f3lica de Valpara\u00edso.<\/p>\n<p>1981 \u2013 1999 Armon\u00eda, Contrapunto y An\u00e1lisis de la Composici\u00f3n en el Instituto de M\u00fasica de la Pontificia Universidad Cat\u00f3lica de Chile.<\/p>\n<p>1986-1987\u00a0 Curso de Composici\u00f3n en el Instituto de M\u00fasica de la Pontificia Universidad Cat\u00f3lica de Chile.<\/p>\n<p>1986 Director del \u201cPrimer Taller de Composici\u00f3n e Interpretaci\u00f3n de M\u00fasica Contempor\u00e1nea\u201d en el Instituto de M\u00fasica de la Pontificia Universidad Cat\u00f3lica de Chile.<\/p>\n<p>1989 \u2013 2003 Curso de Formaci\u00f3n General \u00abLa M\u00fasica en Nuestro Tiempo\u00bb<\/p>\n<p>1996 Director del \u201cSegundo Taller de Composici\u00f3n e Interpretaci\u00f3n de M\u00fasica Contempor\u00e1nea\u201d en el Instituto de M\u00fasica de la Pontificia Universidad Cat\u00f3lica de Chile.<\/p>\n<p>1997-2006 Profesor de Composici\u00f3n, Contrapunto, Organolog\u00eda, Percepci\u00f3n del Discurso musical y An\u00e1lisis de la Composici\u00f3n en el Instituto de M\u00fasica de la Pontificia Universidad Cat\u00f3lica de Chile.<\/p>\n<p>2007 \u2013 2010 Profesor de Percepci\u00f3n del Discurso musical en el Instituto de M\u00fasica de la Pontificia Universidad Cat\u00f3lica de Chile.<\/p>\n<p>2007 \u2013 2012 Profesor de Percepci\u00f3n del Discurso musical en el Instituto de M\u00fasica de la Pontificia Universidad Cat\u00f3lica de Chile.<\/p>\n<p>2010 Producci\u00f3n Musical , Diplomado en Gesti\u00f3n Cultural, Instituto de Est\u00e9tica, Pontificia Universidad Cat\u00f3lica de Chile<\/p>\n<p>iii.\u00a0\u00a0 \u00a0Tesis de mag\u00edster dirigidas y terminadas<br \/>\n2009:<\/p>\n<p>2009: \u00abM\u00fasica Puesta en Escena, OPERA HOY\u00bb, Sebasti\u00e1n de Larraechea, Magister en Artes, Menci\u00f3n Composici\u00f3n Facultad de Artes Pontificia Universidad Cat\u00f3lica de Chile<\/p>\n<p>2013: \u00abPo\u00e9tica de la audici\u00f3n en la precarriedad de la escritura\u00bb, Esteban Correa, Magister en Artes, Facultad de Artes, Pontificia Universidad Cat\u00f3lica de Chile<\/p>\n<p>5.\u00a0\u00a0 \u00a0PROYECTOS DE INVESTIGACI\u00d3N, CREACI\u00d3N O TRABAJO PROFESIONAL<br \/>\n1.\u00a0\u00a0 \u00a0Proyectos de investigaci\u00f3n<\/p>\n<p>1991 Proyecto: Reformulaci\u00f3n General de los Curricula del IMUC Financiamiento: Fondo de Desarrollo de la Docencia UC<br \/>\nResultado: Reforma Curricular IMUC<\/p>\n<p>1993 Proyecto: Festival M\u00fasica Chilena<br \/>\nFinanciamiento: FONDART<br \/>\nResultado: Tercer Festival de M\u00fasica, Centro de Extensi\u00f3n UC<\/p>\n<p>1995 Proyecto: M\u00fasica Abierta: Un Espacio para la M\u00fasica Contempor\u00e1nea<br \/>\nFinanciamiento: FONDART<br \/>\nResultado: Quinto Festival de M\u00fasica, Centro de Extensi\u00f3n UC<\/p>\n<p>1996 Proyecto: M\u00fasica Abierta: Un Espacio para la M\u00fasica Contempor\u00e1nea<br \/>\nFinanciamiento: FONDART<br \/>\nResultado: Sexto Festival de M\u00fasica, Centro de Extensi\u00f3n UC<\/p>\n<p>1997 Proyecto: M\u00fasica Abierta: Un Espacio para la M\u00fasica Contempor\u00e1nea<br \/>\nFinanciamiento: FONDART<br \/>\nResultado: S\u00e9ptimo Festival de M\u00fasica, Centro de Extensi\u00f3n UC<\/p>\n<p>1998 Proyecto: Disco Compacto Obras de Alejandro Guarello<br \/>\nFinanciamiento: FONDART<br \/>\nResultado: CD con ocho obras de c\u00e1mara<\/p>\n<p>2000 Proyecto: Instrumentaci\u00f3n y Orquestaci\u00f3n. Software de aprendizaje interactivo<br \/>\nFinanciamiento: FONDEDOC. PUC<br \/>\nResultado: CD ROM \u00abGu\u00eda de instrumentos\u00bb Contiene informaci\u00f3n sobre los instrumentos orquestales, la percusi\u00f3n, el piano, el arpa y la guitarra con ejemplos gr\u00e1ficos, notaci\u00f3n musical y sonidos de cada aspecto de los instrumentos.<\/p>\n<p>2001 Proyecto: Disco Compacto doble Retrospectiva de obras de Alejandro Guarello<br \/>\nFinanciamiento: FONDART<br \/>\nResultado: CD doble con 2 obras sinf\u00f3nicas, 12 obras de c\u00e1mara y una obra coral.<\/p>\n<p>2004 Proyecto: XIV FESTIVAL DE MUSICA CONTEMPOR\u00c1NEA CHILENA<br \/>\nFinanciamiento: FONDART<br \/>\nResultado: XIV FESTIVAL DE MUSICA CONTEMPOR\u00c1NEA CHILENA. Siete conciertos en Santiago y cinco en La Serena<\/p>\n<p>2004 Proyecto: Experiencia, Difusi\u00f3n\u00a0 y Patrimonio en la M\u00fasica Contempor\u00e1nea Chilena<br \/>\nFinanciamiento: DIPUC<br \/>\nResultado: 10 obras de alumnos y ex-alumnos UC .<\/p>\n<p>2005 Proyecto: XV FESTIVAL DE MUSICA CONTEMPOR\u00c1NEA CHILENA<br \/>\nFinanciamiento: CONSEJO NACIONAL DE LA CULTURA Y LAS ARTES, FONDO DE FOMENTO DE LA M\u00daSICA NACIONAL<br \/>\nResultado: XV FESTIVAL DE MUSICA CONTEMPOR\u00c1NEA CHILENA. Siete conciertos en Santiago y cuatro en La Serena<\/p>\n<p>2006 Proyecto: XVI FESTIVAL DE MUSICA CONTEMPOR\u00c1NEA CHILENA<br \/>\nFinanciamiento: CONSEJO NACIONAL DE LA CULTURA Y LAS ARTES, FONDO DE FOMENTO DE LA M\u00daSICA NACIONAL<br \/>\nResultado: XVI FESTIVAL DE MUSICA CONTEMPOR\u00c1NEA CHILENA. Siete conciertos en Santiago y cuatro en La Serena<\/p>\n<p>2007 Proyecto: Inserci\u00f3n Post-Doctorados PSD 07 \u201cCentro de Investigaci\u00f3n en Tecnolog\u00edas de Audio en la Pontificia Universidad Cat\u00f3lica de Chile\u201d Responsable. Financiamiento: Conicyt-Banco Mundial. Instituto de M\u00f9sica, Pontificia Universidad Cat\u00f3lica de Chile Tres a\u00f1os<br \/>\nResultado: Centro de Investigaciones de Tecnolog\u00edas de Audio CITA UC actualmente en funcionamiento.<\/p>\n<p>2013 Proyecto: CD NUEVA M\u00daSICA PARA CUERDAS<br \/>\nFinanciamiento: CONSEJO NACIONAL DE LA CULTURA Y LAS ARTES, FONDO DE FOMENTO DE LA M\u00daSICA NACIONAL<br \/>\nResultado: CD con siete obras in\u00e9ditas grabadas en vivo<\/p>\n<p>2.\u00a0\u00a0 \u00a0Proyectos de creaci\u00f3n<\/p>\n<p>1990 Proyecto: Composici\u00f3n Musical de C\u00e1mara<br \/>\nFinanciamiento: DIUC. Resultado: \u00abSOLITARIO IV\u00bb para Viol\u00edn solo, \u00abSOLITARIO V\u00bb para Trompeta sola y \u00abBEDESCH\u00bb para 10 instrumentistas.<\/p>\n<p>1991 Proyecto: Cuarteto de Cuerdas, Composici\u00f3n<br \/>\nFinanciamiento: DIUC<br \/>\nResultado: \u00abCUARTEMPORA\u00bb para Cuarteto de Cuerdas<\/p>\n<p>1992 Proyecto: Cuent\u00f3pera u \u00f3pera muda.<br \/>\nFinanciamiento: DIUC<br \/>\nResultado: \u00abLECHES\u00bb, \u00f3pera en un acto<\/p>\n<p>1992 Proyecto: Composici\u00f3n para Piano<br \/>\nFinanciamiento: FONDART<br \/>\nResultado: \u00abDOMUNS\u00bb para Piano solo<\/p>\n<p>1994 Proyecto: Concierto para Viol\u00edn<br \/>\nFinanciamiento: FUNDACION ANDES<br \/>\nResultado: \u00abCORDA \u00bb para Viol\u00edn y orquesta<\/p>\n<p>1994 Proyecto: Orquesta de Cuerdas, Composici\u00f3n<br \/>\nFinanciamiento: DIUC<br \/>\nResultado: \u00abCROMA\u00bb para Orquesta de C\u00e1mara<\/p>\n<p>1995 Proyecto: Ensamble de Vientos-Composici\u00f3n<br \/>\nFinanciamiento: DIPUC<br \/>\nResultado: \u00abSEPTENTRION\u00bb para Ensamble de vientos<\/p>\n<p>1997 Proyecto: Obra para Arpa, Composici\u00f3n<br \/>\nFinanciamiento: DIPUC<br \/>\nResultado: \u00abAPRAR&#8217;BO\u00bb para Arpa sola<\/p>\n<p>2000 Proyecto: Obras para Flauta sola y Oboe solo, Composici\u00f3n<br \/>\nFinanciamiento: DIPUC<br \/>\nResultado: \u00abSOLITARIO VI\u00bb para Flauta sola y \u00abSOLITARIO VII\u00bb para Oboe solo.<\/p>\n<p>2004 Proyecto: Tres Obras de C\u00e1mara<br \/>\nFinanciamiento: FONDART<br \/>\nResultado: \u201cFLEXFLO\u201d para dos flautas; \u201cDROMO\u201d para orquesta de cuerdas; \u201cTURBIO\u201d para dos violines<\/p>\n<p>2005 Proyecto: Composiciones para interpretaci\u00f3n internacional<br \/>\nFinanciamiento: CONSEJO NACIONAL DE LA CULTURA Y LAS ARTES, FONDO DE FOMENTO DE LA M\u00daSICA NACIONAL<br \/>\nResultado: \u201cSOLITARIO VIII\u201d para viola sola y \u201cN-OIR-T\u201d Obra para viol\u00edn, violoncello y piano<\/p>\n<p>2009 Proyecto: COMPOSICI\u00d3N DE C\u00c1MARA CON INTERACCI\u00d3N ELECTRONICA EN TIEMPO REAL<br \/>\nFinanciamiento: VRAID UC<br \/>\nResultado: Obra \u201cTALCUALTAL\u201d para flauta, tromb\u00f3n, percusi\u00f3n, violoncello, contrabajo y electr\u00f3nica.<\/p>\n<p>2011 Proyecto: COMPOSICI\u00d3N DE CONCIERTO PARA PIANO Y ORQUESTA<br \/>\nFinanciamiento: VRAID UC<br \/>\nResultado: Obra \u201cTASTO\u201d para piano y orquesta sinf\u00f3nica<\/p>\n<p>2016 Proyecto: CONCIERTO PARA GUITARRA EL\u00c9CTRICA Y ORQUESTA<br \/>\nFinanciamiento: CONSEJO NACIONAL DE LA CULTURA Y LAS ARTES, FONDO DE FOMENTO DE LA M\u00daSICA NACIONAL<br \/>\nResultado: Obra \u201cEL-LA\u201d para guitarra el\u00e9ctrica y orquesta sinf\u00f3nica<\/p>\n<p>3.\u00a0\u00a0 \u00a0Premios de investigaci\u00f3n, conciertos, grabaciones o concursos<\/p>\n<p>1977\u00a0 Segundo Premio\u00a0 en\u00a0 el\u00a0 Concurso de\u00a0 Composici\u00f3n,\u00a0 con\u00a0 la\u00a0 obra para piano titulada\u00a0 \u00abTRITONADAS\u00bb. Organizado por Amigos del Arte.Santiago &#8211; Chile<\/p>\n<p>1978 Primer Premio\u00a0 en el Concurso de Composici\u00f3n, Festival de M\u00fasica Contempor\u00e1nea con la obra para Coro titulada \u00bb SIMULACROS \u00ab. Organizado por Agrupaci\u00f3n Beethoven y Goethe Institut. Santiago &#8211; Chile<\/p>\n<p>1979 Premio Festivales de M\u00fasica Chilena de la Universidad de Chile con la obra para Orquesta titulada\u00a0 \u00bb VARIACIONES\u00bb. Universidad de Chile. Santiago &#8211; Chile<\/p>\n<p>1979 Tercer Premio Concurso Latinoamericano de Cuartetos de Cuerda con la obra para Cuarteto de Ciuerdas titulada \u00abCUATRO PIEZAS\u00bb. Organizado por Agrupaci\u00f3n Beethoven y Goethe Institut. Santiago &#8211; Chile<\/p>\n<p>1981 Segundo premio, con la obra para Violoncello y Orquesta titulada \u00abTRANSCURSOS\u00bb. Concurso de Composici\u00f3n de la Universidad Cat\u00f3lica de Chile. Santiago &#8211; Chile<\/p>\n<p>1984 Premio del Conservatorio de Par\u00eds, con la obra para Viol\u00edn, Clarinete y Violoncello titulada \u00abVETRO\u00bb. Otorgado por la Accademia Musicale Chigiana de Siena &#8211; Italia.<\/p>\n<p>1999 Premio Charles Ives, Obra de encargo, \u201cViKaCH I\u201d para saxo y percusi\u00f3n. Instituto Chileno Norteamericano de Cultura. Santiago &#8211; Chile<\/p>\n<p>2004 Premio Consejo Chileno de la M\u00fasica. CIM. UNESCO. Medalla Creaci\u00f3n Santiago &#8211; Chile<\/p>\n<p>2004 Premio Orquesta Moderna de Chile. Mejor Compositor VI Temporada de Conciertos 2004. Escuela Moderna de M\u00fasica. Santiago &#8211; Chile<\/p>\n<p>2005 Premio Presidente de la Rep\u00fablica 2005. M\u00fasica Cl\u00e1sica. Gobierno de Chile. Santiago &#8211; Chile<\/p>\n<p>2010 Premio ALTAZOR por la obra para Flauta y Piano titulada \u201cRETRI\u201d Artistas de Chile. Santiago &#8211; Chile<\/p>\n<p>2013 Premio a la Excelencia en la Creaci\u00f3n Art\u00edstica, Pontificia Universidad Cat\u00f3lica de Chile. Santiago &#8211; Chile<\/p>\n<p>2021 Segundo Premio Luis Advis, Consejo de Fomento a la M\u00fasica Nacional, por la obra \u00abGALVANIZADO\u00bb para bajo el\u00e9ctrico y orquesta. La Serena &#8211; Chile<\/p>\n<p>2022 Segundo Premio Luis Advis, Consejo de Fomento a la M\u00fasica Nacional, por la obra \u00abS\u00c1TROPA\u00bb para orquesta. La Serena &#8211; Chile<\/p>\n<p>4.\u00a0 Publicaciones sobre Alejandro Guarello<\/p>\n<p>Alejandro Guarello en Italia en Chile: Un amor productivo. P\u00e1g. 128. Ograma, Santiago de Chile, julio 2005<\/p>\n<p>Alejandro Guarello en The New Grove Dictionary of Music and Musicians, Segunda edici\u00f3n, Vol\u00famen 10, pags. 476 &#8211; 477, Mcmillan Publisher Limited, New York, 2001<\/p>\n<p>Alejandro Guarello en Diccionario de la M\u00fasica Espa\u00f1ola e HispanoAmericana, Vol\u00famen 5, pags 940 &#8211; 941 &#8211; 942, SGAE, Madrid, 1999.<\/p>\n<p>Alejandro Guarello: Solitarios I al V. Quetinto. Cuarterola. Septentri\u00f3n , Jorge Mart\u00ednez en Resonancias N\u00ba 3, 1998<\/p>\n<p>La m\u00fasica nueva y el ejercicio de la libertad , Rodrigo Torres en Patrimonio Cultural, Revista de la Direcci\u00f3n de Bibliotecas, Archivos y Museos a\u00f1o III N\u00ba12, Santiago de Chile, Octubre 1998<\/p>\n<p>Alejandro Guarello en Compositores de las Am\u00e9ricas, Vol\u00famen 20, OEA, Washinton, D.C. 1993<\/p>\n<p>Alejandro Guarello: Un juicio sin atenuantes, Jimena Villegas en Revista Adagio a\u00f1o I N\u00ba2, Santiago de Chile, 1989<\/p>\n<p>Alejandro Guarello Finlay, Mario Silva en Revista Musical Chilena N\u00ba 159, Facultad de Artes, Universidad de Chile, Santiago de Chile, 1983<\/p>\n<p>5.\u00a0\u00a0 \u00a0Miembro de Comit\u00e9 Editorial<br \/>\n1997-2012: Director, Fundador y Miembro del Comit\u00e9 Editorial de \u00abResonancias\u00bb. Publicaci\u00f3n semestral del Instituto de M\u00fasica de la Pontificia Universidad Cat\u00f3lica de Chile.<\/p>\n<p>6.\u00a0\u00a0 \u00a0GESTI\u00d3N ADMINISTRATIVA<br \/>\n1.\u00a0\u00a0 \u00a0Cargos UC<br \/>\n2006-2012: Director, Instituto de M\u00fasica, Facultad de Artes, Santiago, Chile<br \/>\ni.\u00a0\u00a0 \u00a0Actividades acad\u00e9mico-administrativas<br \/>\n1987-1995: Miembro Consejo Acad\u00e9mico, Instituto de M\u00fasica, Facultad de Artes, Santiago, Chile<\/p>\n<p>ii. Actividades acad\u00e9mico-administrativas de car\u00e1cter temporal<br \/>\n1996-2004: Miembro de la Comisi\u00f3n de Investigaci\u00f3n de la\u00a0 Direcci\u00f3n de Investigaci\u00f3n de la Pontificia Universidad Cat\u00f3lica de Chile.<\/p>\n<p>2000-2004 Miembro Consejo de la Facultad de Artes de la Pontificia Universidad Cat\u00f3lica de Chile.<\/p>\n<p>2.\u00a0\u00a0 \u00a0Otros cargos en Chile<br \/>\n2006-2010 Miembro Consejo de Fomento de la M\u00fasica Nacional del Consejo Nacional de la Cultura y las Artes<\/p>\n<p>2009-2015 Presidente de la Sociedad Chilena del Derecho de Autor (SCD)<\/p>\n<p>2010-2015 Presidente de la Fundaci\u00f3n M\u00fasica Chilena<\/p>\n<p>2017-2019 Miembro del Consejo Directivo de la Sociedad Chilena de Autores e Int\u00e9rpretes Musicales (SCD)<\/p>\n<p>2023- \u00a0 \u00a0 \u00a0\u00a0 Miembro del Consejo Directivo de la Sociedad Chilena de Autores e Int\u00e9rpretes Musicales (SCD)<\/p>\n<p>3.\u00a0\u00a0 \u00a0Cargos internacionales<\/p>\n<p>2012-2022: Presidente de la\u00a0 Alianza Latinoamericana de Compositores y\u00a0 Autores de M\u00fasica, (ALCAM)<\/p>\n<p>2015-2019: Miembro del Comit\u00e9 Ejecutivo del Consejo Internacional de Autores de M\u00fasica (CIAM)<\/p>\n<p>7.\u00a0\u00a0 \u00a0ACTIVIDADES DE EXTENSI\u00d3N<br \/>\n1.\u00a0\u00a0 \u00a0Participaci\u00f3n en concursos en calidad de jurado<\/p>\n<p>1982 \u2013 2000 Miembro del Jurado. Concurso anual de Composici\u00f3n Musical del Instituto de M\u00fasica de la Pontificia Universidad Cat\u00f3lica de Chile.<br \/>\n2.\u00a0\u00a0 \u00a0Participaci\u00f3n en seminarios, mesas, redondas, conferencias con presentaci\u00f3n de ponencias<\/p>\n<p>1985 Participaci\u00f3n en Foro y mesa redonda \u00bb La Composici\u00f3n musical en Chile\u00bb. Primer Encuentro de M\u00fasica Contempor\u00e1nea. Agrupaci\u00f3n Musical Anacrusa. Octubre. Santiago &#8211; Chile.<\/p>\n<p>1985 Conferencia \u00bb La M\u00fasica Italiana Contempor\u00e1nea \u00ab. Instituto Italiano de Cultura. Octubre. Santiago &#8211; Chile.<\/p>\n<p>1986 Charlas \u00bb La m\u00fasica en el Cine \u00ab.\u00a0 Pontificia Universidad Cat\u00f3lica de Chile Septiembre, Octubre y Noviembre. Santiago &#8211; Chile.<\/p>\n<p>1987 Curso \u00bb Introducci\u00f3n a la m\u00fasica contempor\u00e1nea \u00ab. Escuela de Verano. Pontificia Universidad Cat\u00f3lica de Chile. Enero Santiago &#8211; Chile.<\/p>\n<p>1987 Participaci\u00f3n en Foro y mesa redonda \u00abEl Compositor Latinoamericano Actual\u00bb. Segundo Encuentro de M\u00fasica Contempor\u00e1nea. Cono Sur. Agrupaci\u00f3n Musical Anacrusa. Octubre Santiago &#8211; Chile.<\/p>\n<p>1988 Panelista \u00bb La m\u00fasica Latinoamericana: Caminos de Encuentro\u00bb. Temporada Internacional de Invierno. LATINOAMERICA MULTIDIMENSIONAL. Agosto Santiago &#8211; Chile<\/p>\n<p>1994 Panelista \u00bb La situaci\u00f3n de la m\u00fasica cl\u00e1sica en Chile\u00bb Ponencia: \u00abEl mercado de trabajo del compositor nacional\u00bb. Divisi\u00f3n de Cultura Ministerio de Educaci\u00f3n de Chile Julio Santiago &#8211; Chile.<\/p>\n<p>1995 Conferencia \u00abLa Consagraci\u00f3n de la Primavera\u00bb. Academia Imaginaria. Instituto Cultural de Espa\u00f1a. Diciembre Santiago &#8211; Chile.<\/p>\n<p>1996 Conferencia \u00abEn torno a la Identidad de la M\u00fasica Chilena\u00bb. Sociedad Chilena del Derecho de Autor. Mayo Santiago &#8211; Chile.<\/p>\n<p>1996 Conferencia \u00abLa Consagraci\u00f3n de la Primavera\u00bb. Academia Imaginaria. Instituto Cultural Las Condes. Junio Santiago &#8211; Chile.<\/p>\n<p>1996 Conferencia \u00abSinfon\u00eda Opus 21 de A. Webern\u00bb. Academia Imaginaria. Instituto Cultural de Espa\u00f1a. Septiembre Santiago &#8211; Chile.<\/p>\n<p>1997 Conferencia \u00abSinfon\u00eda para un hombre solo de Pierre Schaefer\u00bb. Academia Imaginaria. Sala CTC. Septiembre Santiago &#8211; Chile.<\/p>\n<p>1998 Conferencia \u00abMetastasis de Iannis Xenakis\u00bb. Academia Imaginaria. Sala CTC. Octubre Santiago &#8211; Chile.<\/p>\n<p>1998 Conferencia \u00abM\u00fasica de entre guerras\u00bb, Ciclo Adulto Mayor, Centro de Extensi\u00f3n U. Cat\u00f3lica. Mayo Santiago &#8211; Chile.<\/p>\n<p>1998 Conferencia \u00abM\u00fasica de la post-guerra\u00bb, Ciclo Adulto Mayor, Centro de Extensi\u00f3n U. Cat\u00f3lica. Octubre Santiago &#8211; Chile.<\/p>\n<p>1998 Conferencia \u00abVetro bit\u00e1cora de la composici\u00f3n\u00bb,\u00a0 Ciclo Adulto Mayor, Centro de Extensi\u00f3n U. Cat\u00f3lica. Octubre Santiago &#8211; Chile.<\/p>\n<p>1998 Conferencia \u00abM\u00fasica de la post-guerra\u00bb, Ciclo Adulto Mayor, Centro de Extensi\u00f3n U. Cat\u00f3lica. Octubre Santiago &#8211; Chile.<\/p>\n<p>2002 Xi\u00e8 curs eines creaci\u00f3 musical<br \/>\nConferencias:<br \/>\nEstat i desenvolupament de la composici\u00f3 en Xile als darrers deu anys I presentati\u00f3 dels principals compositors.<br \/>\nPo\u00e9tica I est\u00e8tica en la m\u00fasica d\u2019 Alejandro Guarello.<br \/>\n9 y 10\u00a0 de Abril\u00a0\u00a0 Fundaci\u00f3n PHONOS. Universitat Pompeu Fabra. Barcelona &#8211; Espa\u00f1a.<\/p>\n<p>2002 Conferencia: \u00abLa ense\u00f1anza de la composici\u00f3n en el Instituto de M\u00fasica de la Pontificia Universidad Cat\u00f3lica de Chile. Metodolog\u00eda y resultados de los cinco a\u00f1os de funcionamiento de la nueva carrera de Composici\u00f3n\u00bb. 11 de abril. Escuela Superior de M\u00fasica de Catalu\u00f1a. Barcelona &#8211; Espa\u00f1a<\/p>\n<p>2004 Taller de Composici\u00f3n y Curso \u00abPanorama de la M\u00fasica Contempor\u00e1nea Chilena\u00bb. XXI Jornadas Musicales de La Serena. Universidad de La Serena. La Serena &#8211; Chile<\/p>\n<p>2005 Conferencia \u201c\u00daber die Systeme hinweg. Ein neues Komponieren \u00fcberdenken\u201d. K\u00f6lner Gese\u00f1\u00f1schaft f\u00fcr NeueMusik. Febrero K\u00f3ln &#8211; Alemania.<\/p>\n<p>2005 Conferencia \u201cLa composici\u00f3n musical en general ilustrada por la obra \u2018Flexflo\u2019 para dos flautas de Alejandro Guarello\u201d, Octubre\u00a0 Valdivia &#8211; Chile.<\/p>\n<p>2005 Panelista \u00bb Diagn\u00f3stico de la realidad musical en Chile\u00bb Foro: \u00abM\u00fasica y Contexto\u00bb. Balmaceda 1215. Marzo Santiago &#8211; Chile<\/p>\n<p>2007 Conferencia \u201cM\u00fasica de Alejandro Guarello\u201d\u00a0 Real Conservatorio de\u00a0 La Haya\u00a0 13 Febrero La Haya &#8211; Holanda<\/p>\n<p>2007 Conferencia \u201cM\u00fasica de Alejandro Guarello\u201d Universit\u00e9 Paris 8, St Denis, Marzo Paris &#8211; Francia<\/p>\n<p>2008 Master Class de Composici\u00f3n. VI Seminario de Composici\u00f3n Musical. Universidad de Costa Rica. abril San Jos\u00e9 &#8211; Costa Rica<\/p>\n<p>2008 Clase Magistral: M\u00fasica Actual y Vanguardia. III Encuentro de Percusi\u00f3n. Enero Centro Cultural de Espa\u00f1a. Santiago &#8211; Chile<\/p>\n<p>2008 Master Classes de Composici\u00f3n. Conservatorio Giusseppe Verdi di Milano. 27, 28 y 29 de octubre Mil\u00e1n &#8211; Italia<\/p>\n<p>2008 Master Classes de Composici\u00f3n. Conservatorio Giusseppe Nicolini di Piacenza. 30 y 31 de octubre Piacenza &#8211; Italia<\/p>\n<p>2015 Master Class de Composici\u00f3n. MusikHochschule K\u00f6ln. 9 de noviembre Colonia &#8211;\u00a0 Alemania<\/p>\n<p>2015 Coloquio de Compositores. Universidad de Oldenburgo. 14 de noviembre Oldenburgo &#8211; Alemania<\/p>\n<p>2015 Master Class de Composici\u00f3n. Conservatorio Giusseppe Nicolini di Piacenza. 21 de diciembre Piacenza &#8211; Italia<\/p>\n<p>8. OTROS<br \/>\n1.\u00a0\u00a0 \u00a0Sociedades cient\u00edficas o profesionales<\/p>\n<p>1978- Miembro de la Asociaci\u00f3n Nacional de Compositores Santiago, Chile<\/p>\n<p>2021- Miembro de n\u00famero del Colegio de Compositores Latinoamericanos de M\u00fasica de Arte.<\/p>\n<p>2.\u00a0\u00a0 \u00a0Creaci\u00f3n, producci\u00f3n y presentaci\u00f3n de programas de Televisi\u00f3n<\/p>\n<p>2000 Programa La Nueva M\u00fasica, Director: Francisco Vargas, ARTV. Diez programas Santiago-Chile<\/p>\n<p>2001 Programa La Nueva M\u00fasica, Director: Francisco Vargas, ARTV Ocho programas Santiago-Chile<\/p>\n<p>[whohit]-Curriculum Vitae-[\/whohit]<\/p>\n","protected":false},"excerpt":{"rendered":"<p>CURRICULUM VITAE Alejandro Guarello 1.\u00a0\u00a0 \u00a0ANTECEDENTES PERSONALES 1.\u00a0\u00a0 \u00a0Nombre: Alejandro Patricio Guarello Finlay 2.\u00a0\u00a0 \u00a0Fecha de nacimiento: 21 de Agosto de 1951 3.\u00a0\u00a0 \u00a0Lugar de nacimiento: Valpara\u00edso &#8211; Chile 4.\u00a0\u00a0&hellip; <\/p>\n","protected":false},"author":2,"featured_media":0,"parent":516,"menu_order":0,"comment_status":"closed","ping_status":"closed","template":"","meta":{"footnotes":""},"_links":{"self":[{"href":"https:\/\/www.alejandroguarello.cl\/index.php?rest_route=\/wp\/v2\/pages\/494"}],"collection":[{"href":"https:\/\/www.alejandroguarello.cl\/index.php?rest_route=\/wp\/v2\/pages"}],"about":[{"href":"https:\/\/www.alejandroguarello.cl\/index.php?rest_route=\/wp\/v2\/types\/page"}],"author":[{"embeddable":true,"href":"https:\/\/www.alejandroguarello.cl\/index.php?rest_route=\/wp\/v2\/users\/2"}],"replies":[{"embeddable":true,"href":"https:\/\/www.alejandroguarello.cl\/index.php?rest_route=%2Fwp%2Fv2%2Fcomments&post=494"}],"version-history":[{"count":28,"href":"https:\/\/www.alejandroguarello.cl\/index.php?rest_route=\/wp\/v2\/pages\/494\/revisions"}],"predecessor-version":[{"id":980,"href":"https:\/\/www.alejandroguarello.cl\/index.php?rest_route=\/wp\/v2\/pages\/494\/revisions\/980"}],"up":[{"embeddable":true,"href":"https:\/\/www.alejandroguarello.cl\/index.php?rest_route=\/wp\/v2\/pages\/516"}],"wp:attachment":[{"href":"https:\/\/www.alejandroguarello.cl\/index.php?rest_route=%2Fwp%2Fv2%2Fmedia&parent=494"}],"curies":[{"name":"wp","href":"https:\/\/api.w.org\/{rel}","templated":true}]}}