{"id":496,"date":"2014-05-24T19:07:28","date_gmt":"2014-05-24T23:07:28","guid":{"rendered":"http:\/\/www.alejandroguarello.cl\/?page_id=496"},"modified":"2025-03-28T15:09:54","modified_gmt":"2025-03-28T18:09:54","slug":"discos-monograficos","status":"publish","type":"page","link":"https:\/\/www.alejandroguarello.cl\/?page_id=496","title":{"rendered":"Discos Monogr\u00e1ficos"},"content":{"rendered":"<p><strong>2017\u00a0 DESDE EL QUINTO SOL <a href=\"https:\/\/www.alejandroguarello.cl\/wp-content\/uploads\/2018\/03\/desde-el-quinto-sol.jpg\"><img loading=\"lazy\" decoding=\"async\" class=\"alignright  wp-image-651\" src=\"https:\/\/www.alejandroguarello.cl\/wp-content\/uploads\/2018\/03\/desde-el-quinto-sol.jpg\" alt=\"desde el quinto sol\" width=\"282\" height=\"366\" srcset=\"https:\/\/www.alejandroguarello.cl\/wp-content\/uploads\/2018\/03\/desde-el-quinto-sol.jpg 340w, https:\/\/www.alejandroguarello.cl\/wp-content\/uploads\/2018\/03\/desde-el-quinto-sol-231x300.jpg 231w\" sizes=\"(max-width: 282px) 100vw, 282px\" \/><\/a><\/strong><br \/>\n<strong>DEPUIS LE CINQUIEME SOLEIL<\/strong><br \/>\nAlejandro Guarello<\/p>\n<p>OBRA<br \/>\nDesde el Quinto Sol (1985) para Grupo folcl\u00f3rico, Coro, Orquesta de Cuerdas y Narrador <a href=\"https:\/\/www.youtube.com\/watch?v=plecDDZJHQY\">video<\/a><br \/>\nTextos de Stephen Honeyman<\/p>\n<p>INTERPRETES<br \/>\nGroupe PIRCA (Lyon) (Brune de Chiffreville, zampo\u00f1a; Marcelo Donoso, canto-guitarra-percusi\u00f3n; Edicto Garay, canto-charango-tiple-cuatro; Brigitte Jensen, canto; Julie Lewandowski, quena-zampo\u00f1a; Fr\u00e9d\u00e9ric Mathevet, percusi\u00f3m;Danilo Villouta, canto), Chorale Populaire de Lyon\u00a0 (Francis Jaquet y Christian Michon, Directores, Orchestre Jeu de Cordes de Givors (Martine Lecontre, Direcci\u00f3n) y Corinne Chevalier, narraci\u00f3n.<\/p>\n<p><strong>2013\u00a0 NUEVA M\u00daSICA para Cuerdas<\/strong><strong><img loading=\"lazy\" decoding=\"async\" class=\"alignright size-full wp-image-961\" src=\"https:\/\/www.alejandroguarello.cl\/wp-content\/uploads\/2025\/03\/Nueva-Musica-2014.jpg\" alt=\"\" width=\"300\" height=\"300\" \/><\/strong><br \/>\nAlejandro Guarello.<\/p>\n<p>OBRAS<br \/>\n\u00abLa Bella Datoki\u00bb (2002) para viol\u00edn, clarinetes, guitarras, piano y electr\u00f3nica <a href=\"https:\/\/www.youtube.com\/watch?v=5LqtLB6FPDo\">Audio<\/a><br \/>\n\u00abEstreliano\u00bb (2010) para viol\u00edn y piano <a href=\"https:\/\/www.youtube.com\/watch?v=5BKo6C_LAiM\">Audio<\/a><br \/>\n\u00abTurbio\u00bb (2004) para dos violines <a href=\"https:\/\/www.youtube.com\/watch?v=ZPYCJTRB4AI\">Audio<\/a><br \/>\n\u00abSolitario VIII\u00bb (2005) para viola sola <a href=\"https:\/\/www.youtube.com\/watch?v=tTknS3A9iHI\">Audio<\/a><br \/>\n\u00abCuart\u00e9mpora\u00bb (1992) para Cuarteto de Cuerdas <a href=\"https:\/\/www.youtube.com\/watch?v=2J-IDHCe2cw\">Audio<\/a><br \/>\n\u00abN-oir-T\u00bb (2005) para viol\u00edn, violoncello y piano <a href=\"https:\/\/www.youtube.com\/watch?v=5BKo6C_LAiM\">Audio<\/a><br \/>\n\u00abDromo\u00bb (2004) para Orquesta de Cuerdas <a href=\"https:\/\/www.youtube.com\/watch?v=_TLJfPtBEz8\">Audio<\/a><\/p>\n<p>INTERPRETES<br \/>\nBlack Jackets Company (Bruselas) (Benjamin Diltjens, clarinetes; Tom Pauwels, guitarras; Kim Van der Brempt, piano; David N\u00fa\u00f1ez, viol\u00edn; Juan Carlos Tolosa, director)<br \/>\nJorge Pepi, piano; David N\u00fa\u00f1ez, viol\u00edn<br \/>\nDavid N\u00fa\u00f1ez y Sona Kochafian, violines<br \/>\nGarth Knox, viola<br \/>\nCuarteto de Cuerdas UNTREF (David N\u00fa\u00f1ez y Carlos Britez, violines; Mariano Malamud, viola; Martin Devoto, violoncello)<br \/>\nIsin Cakmakcioglu, viol\u00edn;\u00a0 Alister Barker, violoncello; Michael Kieran Harvey, piano<br \/>\nOrquesta de C\u00e1mara UC. David N\u00fa\u00f1ez, director<\/p>\n<p><a href=\"https:\/\/www.alejandroguarello.cl\/wp-content\/uploads\/2014\/01\/1retrospectiva-copia.jpg\"><img loading=\"lazy\" decoding=\"async\" class=\"alignright\" src=\"https:\/\/www.alejandroguarello.cl\/wp-content\/uploads\/2014\/01\/1retrospectiva-copia.jpg\" alt=\"1retrospectiva copia\" width=\"297\" height=\"274\" \/><\/a><strong>2002 RETROSPECTIVA<\/strong><br \/>\nAlejandro Guarello<\/p>\n<p>Retrospectiva Volumen I<br \/>\nOBRAS<br \/>\n\u00abIntrelacci\u00f3n\u00bb (1988) para Orquesta <a href=\"https:\/\/www.alejandroguarello.cl\/wp-content\/uploads\/2014\/02\/Intrelaccionweb-1.mp3\">Audio<\/a><br \/>\n\u00abViKaCh I\u00bb (2000) para Saxos y Percusi\u00f3n <a href=\"https:\/\/www.alejandroguarello.cl\/wp-content\/uploads\/2014\/02\/ViKaCh-Iweb.mp3\">Audio<\/a><br \/>\n\u00abPour Klavier\u00bb (1985) para Piano <a href=\"https:\/\/www.alejandroguarello.cl\/wp-content\/uploads\/2014\/02\/Pour-Klavierweb.mp3\">Audio<\/a><br \/>\n\u00abSolitario VI\u00bb (2000) para flauta <a href=\"https:\/\/www.alejandroguarello.cl\/wp-content\/uploads\/2014\/02\/Solitario-VIweb.mp3\">Audio<\/a><br \/>\n\u00abVariae\u00bb (1990) para Clarinete, Trompeta, Viol\u00edn, Contrabajo y Piano <a href=\"https:\/\/www.alejandroguarello.cl\/wp-content\/uploads\/2014\/02\/Variaeweb.mp3\">Audio<\/a><br \/>\n\u00abSimulacros\u00bb (1978) para Coro <a href=\"https:\/\/www.alejandroguarello.cl\/wp-content\/uploads\/2014\/02\/simulacrosweb.mp3\">Audio<\/a><br \/>\n\u00abPseudovariaciones\u00bb (1977) para Percusiones <a href=\"https:\/\/www.alejandroguarello.cl\/wp-content\/uploads\/2014\/02\/Pseudovariacionesweb.mp3\">Audio<\/a><br \/>\n\u00abVetro\u00bb (1984) para Clarinete, Viol\u00edn y Violoncello <a href=\"https:\/\/www.alejandroguarello.cl\/wp-content\/uploads\/2014\/02\/Vetroweb.mp3\">Audio<\/a><\/p>\n<p>INTERPRETES<br \/>\nOrq. Filarm\u00f3nica de Santiago &#8211; Roberto Abbado &#8211; Director<br \/>\nMiguel Villafruela &#8211; Saxos<br \/>\nRodrigo Kanamori &#8211; Percusiones<br \/>\nCarla Sandoval &#8211; Piano<br \/>\nGuillermo Lavado &#8211; Flauta<br \/>\nLuis Alberto Latorre &#8211; Piano<br \/>\nCelso L\u00f3pez &#8211; Violoncello<br \/>\nJuan Sebasti\u00e1n Leiva &#8211; Viol\u00edn<br \/>\nEugenio Parra &#8211; Contrabajo<br \/>\nCoro de Camara U.C. &#8211; Mauricio Cort\u00e9s &#8211; Director<br \/>\nFrancisco Gouet &#8211; Clarinete<br \/>\nLuis Rossi &#8211; Clarinete<br \/>\nJuan Coderch &#8211; Percusiones<br \/>\nRa\u00fal Aliaga &#8211; Percusiones<br \/>\nJohn Schroeder &#8211; Trompeta<br \/>\nRub\u00e9n Sierra &#8211; Viol\u00edn<\/p>\n<p>Retrospectiva Volumen II<br \/>\nOBRAS<br \/>\n\u00abDoo&#8230;.Pit\u00bb (2000) para 2 Flautas, Clarinete bajo, \u00bb Percusiones, 2 Violines y Violoncello <a href=\"https:\/\/www.alejandroguarello.cl\/wp-content\/uploads\/2014\/02\/Doo...pitweb.mp3\">Audio<\/a><br \/>\n\u00abSubTerra\u00bb (1986) para Violoncello y Piano <a href=\"https:\/\/www.alejandroguarello.cl\/wp-content\/uploads\/2014\/02\/Sub-Terraweb-1.mp3\">Audio<\/a><br \/>\n\u00abVariaciones\u00bb (1985) para Orquesta <a href=\"https:\/\/www.alejandroguarello.cl\/wp-content\/uploads\/2014\/02\/Variacionesweb.mp3\">Audio<\/a><br \/>\n\u00abIncontri(o)\u00bb (1984) para Flauta, Clarinete y Violoncello <a href=\"https:\/\/www.alejandroguarello.cl\/wp-content\/uploads\/2014\/02\/Incontri-Oweb.mp3\">Audio<\/a><br \/>\n\u00abTrio 1982\u00bb (1982) para Viol\u00edn, Violoncello y Piano <a href=\"https:\/\/www.alejandroguarello.cl\/wp-content\/uploads\/2014\/02\/Trio-1982web.mp3\">Audio<\/a><br \/>\n\u00abBase Esad\u00bb (1990) para Guitarra<br \/>\n\u00abDomuns\u00bb (1992) para Piano <a href=\"https:\/\/www.alejandroguarello.cl\/wp-content\/uploads\/2014\/02\/Domunsweb.mp3\">Audio<\/a><\/p>\n<p>INTERPRETES<br \/>\nGuillermo Lavado &#8211; Flauta<br \/>\nKarina Fischer &#8211; Flauta<br \/>\nFrancisco Gouet &#8211; Clarinete<br \/>\nPedro Marambio &#8211; Percusiones<br \/>\nMiguel Z\u00e1rate &#8211; Percusiones<br \/>\nIsidro Rodr\u00edguez &#8211; Viol\u00edn<br \/>\nCecilia Carrere &#8211; Viol\u00edn<br \/>\nCelso L\u00f3pez &#8211; Violoncello<br \/>\nOrq. Filarm\u00f3nica de Santiago &#8211; Rodolfo Fischer &#8211; Director<br \/>\nOscar Ohlsen &#8211; Guitarra<br \/>\nNoriko Ohtake &#8211; Piano<br \/>\nTRIO ARTE (Sergio Prieto &#8211; Viol\u00edn; Mar\u00eda Iris Radrig\u00e1n &#8211; Piano; Edgar Fischer &#8211; Violoncello)<br \/>\nNOTAS Este CD fue financiado con el aporte del Fondo de Desarrollo de las Artes y la Cultura (FONDART), Ministerio de Educaci\u00f3n de Chile, 2001.<\/p>\n<p><a href=\"https:\/\/www.alejandroguarello.cl\/wp-content\/uploads\/2014\/02\/Solitarios.jpg\"><img loading=\"lazy\" decoding=\"async\" class=\"alignright\" src=\"https:\/\/www.alejandroguarello.cl\/wp-content\/uploads\/2014\/02\/Solitarios.jpg\" alt=\"Solitarios\" width=\"282\" height=\"280\" \/><\/a><strong>1998 ALEJANDRO GUARELLO<\/strong><\/p>\n<p>OBRAS<br \/>\n\u00abCuarterola\u00bb (1997) para Flauta, Marimba, Piano y Violoncello <a href=\"https:\/\/www.alejandroguarello.cl\/wp-content\/uploads\/2014\/02\/Cuarterola-web-1.mp3\">Audio<\/a><br \/>\n\u00abSolitario I\u00bb (1979) para Clarinete <a href=\"https:\/\/www.alejandroguarello.cl\/wp-content\/uploads\/2014\/02\/Solitario-Iweb.mp3\">Audio<\/a><br \/>\n\u00abSolitario II\u00bb (1985) para Violoncello <a href=\"https:\/\/www.youtube.com\/watch?v=ZPYCJTRB4AI\">Audio<\/a><br \/>\n\u00abQuetinto\u00bb (1989) para Quinteto de maderas <a href=\"https:\/\/www.alejandroguarello.cl\/wp-content\/uploads\/2014\/02\/Quetintoweb.mp3\">Audio<\/a><br \/>\n\u00abSolitario III\u00bb (1987) para Corno <a href=\"https:\/\/www.alejandroguarello.cl\/wp-content\/uploads\/2014\/02\/Solitario-IIIweb-1.mp3\">Audio<\/a><br \/>\n\u00abSolitario IV\u00bb (1991) para Viol\u00edn <a href=\"https:\/\/www.alejandroguarello.cl\/wp-content\/uploads\/2014\/02\/Solitario-IVweb.mp3\">Audio<\/a><br \/>\n\u00abSolitario V\u00bb (1991) para Trompeta <a href=\"https:\/\/www.alejandroguarello.cl\/wp-content\/uploads\/2014\/02\/Solitario-Vweb-1.mp3\">Audio<\/a><br \/>\n\u00abSeptentri\u00f3n\u00bb (1996) para Septeto de Vientos <a href=\"https:\/\/www.alejandroguarello.cl\/wp-content\/uploads\/2014\/02\/Septentrionweb-1.mp3\">Audio<\/a><\/p>\n<p>INTERPRETES<br \/>\nLuis Alberto Latorre &#8211; Piano<br \/>\nGuillermo Lavado &#8211; Flauta<br \/>\nCelso L\u00f3pez &#8211; Violoncello<br \/>\nIsidro Rodr\u00edguez &#8211; Viol\u00edn<br \/>\nLuis Rossi &#8211; Clarinete<br \/>\nMiguel Z\u00e1rate &#8211; Marimba<br \/>\nENSAMBLE DE VIENTOS U.C. (Edward Brown &#8211; Corno: Javier Contreras &#8211; Trompeta; Jorge Espinoza &#8211; Fagot y Contrafagot; Francisco Gouet &#8211; Clarinetes; Alejandro Lavanderos &#8211; Flautas; Jorge Postel &#8211; Oboe y Corno Ingl\u00e9s; Kevin Roberts &#8211; Tromb\u00f3n<br \/>\nNOTA Este CD fue financiado con el aporte del Fondo de Desarrollo de las Artes y la Cultura (FONDART), Ministerio de Educaci\u00f3n de Chile, 1997.<\/p>\n<p><a href=\"https:\/\/www.alejandroguarello.cl\/wp-content\/uploads\/2014\/02\/cantata.jpg\"><img loading=\"lazy\" decoding=\"async\" class=\"alignright\" src=\"https:\/\/www.alejandroguarello.cl\/wp-content\/uploads\/2014\/02\/cantata.jpg\" alt=\"cantata\" width=\"257\" height=\"296\" \/><\/a><strong>1978 CANTATA DE LOS DERECHOS HUMANOS<\/strong><\/p>\n<p>OBRA<br \/>\n\u00abCantata Cain y Abel: por los Derechos Humanos (1978) para Grupo folcl\u00f3rico, narrador, Orquesta y Coro <a href=\"https:\/\/www.alejandroguarello.cl\/wp-content\/uploads\/2014\/02\/Cantataweb.mp3\">Audio<\/a><br \/>\nINTERPRETES<br \/>\nGrupo Ortiga<br \/>\nRoberto Parada &#8211; Narrador<br \/>\nOrquesta y Coros dirigidos por Alejandro Guarello<br \/>\nNOTAS<br \/>\nCANTATA DE LOS DERECHOS HUMANOS. Esta grabaci\u00f3n fu\u00e9 realizada por el Arzobispado de Santiago en una edici\u00f3n limitada de discos vinilo y cassettes actualmente muy dificil de encontrar. La matriz o master se encuentra perdida por lo que es imposible reproducir esta versi\u00f3n. Por esta raz\u00f3n, cada uno de estos discos o cassetes son de colecci\u00f3n. La car\u00e1tula fue dise\u00f1ada por Claudio Di Girolamo en 1978 con ocasi\u00f3n del Simposio Internacional de Derechos Humanos que se realiz\u00f3 en la Catedral de Santiago entre los d\u00edas 22 y 25 de noviembre de 1978.<\/p>\n<p>[whohit]-Discos Monogr\u00e1ficos -[\/whohit]<\/p>\n","protected":false},"excerpt":{"rendered":"<p>2017\u00a0 DESDE EL QUINTO SOL DEPUIS LE CINQUIEME SOLEIL Alejandro Guarello OBRA Desde el Quinto Sol (1985) para Grupo folcl\u00f3rico, Coro, Orquesta de Cuerdas y Narrador video Textos de Stephen&hellip; <\/p>\n","protected":false},"author":2,"featured_media":0,"parent":518,"menu_order":0,"comment_status":"closed","ping_status":"closed","template":"","meta":{"footnotes":""},"_links":{"self":[{"href":"https:\/\/www.alejandroguarello.cl\/index.php?rest_route=\/wp\/v2\/pages\/496"}],"collection":[{"href":"https:\/\/www.alejandroguarello.cl\/index.php?rest_route=\/wp\/v2\/pages"}],"about":[{"href":"https:\/\/www.alejandroguarello.cl\/index.php?rest_route=\/wp\/v2\/types\/page"}],"author":[{"embeddable":true,"href":"https:\/\/www.alejandroguarello.cl\/index.php?rest_route=\/wp\/v2\/users\/2"}],"replies":[{"embeddable":true,"href":"https:\/\/www.alejandroguarello.cl\/index.php?rest_route=%2Fwp%2Fv2%2Fcomments&post=496"}],"version-history":[{"count":28,"href":"https:\/\/www.alejandroguarello.cl\/index.php?rest_route=\/wp\/v2\/pages\/496\/revisions"}],"predecessor-version":[{"id":962,"href":"https:\/\/www.alejandroguarello.cl\/index.php?rest_route=\/wp\/v2\/pages\/496\/revisions\/962"}],"up":[{"embeddable":true,"href":"https:\/\/www.alejandroguarello.cl\/index.php?rest_route=\/wp\/v2\/pages\/518"}],"wp:attachment":[{"href":"https:\/\/www.alejandroguarello.cl\/index.php?rest_route=%2Fwp%2Fv2%2Fmedia&parent=496"}],"curies":[{"name":"wp","href":"https:\/\/api.w.org\/{rel}","templated":true}]}}