{"id":502,"date":"2014-05-24T19:17:27","date_gmt":"2014-05-24T23:17:27","guid":{"rendered":"http:\/\/www.alejandroguarello.cl\/?page_id=502"},"modified":"2024-01-10T19:22:06","modified_gmt":"2024-01-10T22:22:06","slug":"cd-con-obras-de-alejandro-guarello","status":"publish","type":"page","link":"https:\/\/www.alejandroguarello.cl\/?page_id=502","title":{"rendered":"CD con obras de Alejandro Guarello"},"content":{"rendered":"<p>2022 ANACRUSA<img loading=\"lazy\" decoding=\"async\" class=\"alignright  wp-image-928\" src=\"https:\/\/www.alejandroguarello.cl\/wp-content\/uploads\/2024\/01\/anacrusa.jpeg\" alt=\"\" width=\"182\" height=\"184\" \/><\/p>\n<p>OBRA<br \/>\n\u00abPOUR KLAVIER\u00bb (1985)<br \/>\nINTERPRETES<br \/>\nCecilia Plaza, piano y V\u00edctor Alarc\u00f3n, tenor<br \/>\nNOTAS<br \/>\nAnacrusa. Este CD doble fue grabado en Colonia, Alemania y Santiago de Chile. Adem\u00e1s contiene obras de Luis Advis, Cori\u00fan Aharoni\u00e1n, Andr\u00e9s Alcalde, Juan Amen\u00e1bar, Gustavo Becerra, Ludwig van Beethoven, Carlos Botto, Eduardo C\u00e1ceres, Cecilia Cordero, Gerardo Gandini, Juan Pablo Gonz\u00e1lez, Rodolfo Norambuena, Sergio Ortega, Hern\u00e1n Ram\u00edrez y Cirilo Vila.<\/p>\n<p>2021 CHILEAN ART SONG<img loading=\"lazy\" decoding=\"async\" class=\"alignnone alignright\" src=\"https:\/\/www.simuc.org\/sections\/publications\/castl100y\/castl100yCoverM.png\" alt=\"\" width=\"192\" height=\"191\" \/><\/p>\n<p>OBRA<br \/>\n\u00abREYERTA\u00bb (1978)<br \/>\nINTERPRETES<br \/>\nCecilia Barrientos, soprano y Luis Alberto Latorre, piano<br \/>\nNOTAS<br \/>\nChilean Art Song. Este CD\u00a0 fue grabado en Viena, Austria y Santiago de Chile.<br \/>\nAdem\u00e1s contiene obras de Carlos Botto, Eduardo C\u00e1ceres, Ram\u00f3n Gorigoit\u00eda, Felipe Hidalgo C., Alfonso Leng, Alfonso Letelier, Sergio Ortega, Javier Party y Enrique Soro. Se encuentra disponible en Spotify y otras plataformas digitales.<\/p>\n<p>2019 FINIS TERRAE; SOUNDS FROM THE END OF THE WORLD<a href=\"https:\/\/www.alejandroguarello.cl\/wp-content\/uploads\/2022\/03\/074-Finis-Terrae.jpg\"><img loading=\"lazy\" decoding=\"async\" class=\"alignright  wp-image-883\" src=\"https:\/\/www.alejandroguarello.cl\/wp-content\/uploads\/2022\/03\/074-Finis-Terrae.jpg\" alt=\"074-Finis-Terrae\" width=\"198\" height=\"198\" srcset=\"https:\/\/www.alejandroguarello.cl\/wp-content\/uploads\/2022\/03\/074-Finis-Terrae.jpg 300w, https:\/\/www.alejandroguarello.cl\/wp-content\/uploads\/2022\/03\/074-Finis-Terrae-150x150.jpg 150w\" sizes=\"(max-width: 198px) 100vw, 198px\" \/><\/a><\/p>\n<p>OBRA<br \/>\n\u00abMUFA\u00bb (2013) para Ensamble <a href=\"https:\/\/www.youtube.com\/watch?v=sbYudeAW138\">audio<\/a><br \/>\nINTERPRETES<br \/>\nMusikfabrik<br \/>\nNOTAS<br \/>\nFinis Terrae. Este CD\u00a0 fue grabado y editado en Alemania por DaVinci Publishing. Adem\u00e1s contiene obras de Boris Alvarado, Ram\u00f3n Gorigoit\u00eda, Pablo Aranda y Aliocha Solovera. Se encuentra disponible en Spotify y otras plataformas digitales<\/p>\n<p>2018 MUZYKA Z KONCA SWIATA CHILE <a href=\"https:\/\/www.alejandroguarello.cl\/wp-content\/uploads\/2022\/06\/polonia.jpeg\"><img loading=\"lazy\" decoding=\"async\" class=\"alignright  wp-image-896\" src=\"https:\/\/www.alejandroguarello.cl\/wp-content\/uploads\/2022\/06\/polonia.jpeg\" alt=\"polonia\" width=\"180\" height=\"272\" \/><\/a><\/p>\n<p>OBRA<br \/>\n\u00abVetro\u00bb (1984) para Clarinete, Viol\u00edn y Violoncello <a href=\"https:\/\/www.alejandroguarello.cl\/wp-content\/uploads\/2014\/02\/Vetroweb.mp3\">Audio<\/a><br \/>\nINTERPRETES<br \/>\nLuis Rossi &#8211; Clarinete<br \/>\nRuben Sierra &#8211; Viol\u00edn<br \/>\nCelso L\u00f3pez &#8211; Violoncello<br \/>\nAlejandro Guarello &#8211; Direcci\u00f3n<br \/>\nNOTAS<br \/>\nMUZYKA Z KONCA SWIATA CHILE. Este CD\u00a0 fue grabado y editado en Polonia por Edizioni Sladost, Roma. Adem\u00e1s contiene obras de diversos compositores chilenos y registros fonogr\u00e1ficos ceremoniales tradicionales.<\/p>\n<p>2018 EL\u00c9CTRICO<a href=\"https:\/\/www.alejandroguarello.cl\/wp-content\/uploads\/2022\/03\/Trono-I-y-II.jpg\"><img loading=\"lazy\" decoding=\"async\" class=\"alignright  wp-image-889\" src=\"https:\/\/www.alejandroguarello.cl\/wp-content\/uploads\/2022\/03\/Trono-I-y-II.jpg\" alt=\"Trono I y II\" width=\"193\" height=\"193\" srcset=\"https:\/\/www.alejandroguarello.cl\/wp-content\/uploads\/2022\/03\/Trono-I-y-II.jpg 1200w, https:\/\/www.alejandroguarello.cl\/wp-content\/uploads\/2022\/03\/Trono-I-y-II-150x150.jpg 150w, https:\/\/www.alejandroguarello.cl\/wp-content\/uploads\/2022\/03\/Trono-I-y-II-300x300.jpg 300w, https:\/\/www.alejandroguarello.cl\/wp-content\/uploads\/2022\/03\/Trono-I-y-II-1024x1024.jpg 1024w, https:\/\/www.alejandroguarello.cl\/wp-content\/uploads\/2022\/03\/Trono-I-y-II-330x330.jpg 330w\" sizes=\"(max-width: 193px) 100vw, 193px\" \/><\/a><\/p>\n<p>OBRA<br \/>\n\u00abTrono I y II\u00bb (2018) para Percusiones <a href=\"https:\/\/ensambledepercusionxilos.bandcamp.com\/track\/trono-i\">audio<\/a> I <a href=\"https:\/\/ensambledepercusionxilos.bandcamp.com\/track\/trono-ii\">audio II<\/a><br \/>\nINTERPRETES<br \/>\nEnsamble de Percusi\u00f3n Xilos<br \/>\nNOTAS<br \/>\nEl\u00e9ctrico. Este CD\u00a0 fue grabado y editado en Valpara\u00edso. Adem\u00e1s contiene obras de Miguel Aneto, F\u00e9lix Carbone, Colectivo Xilos, Esteban Correa, Jaime Frez, Valeria Valle y Hern\u00e1n Velasco. Se encuentra disponible en Spotify y otras plataformas digitales<\/p>\n<p>2014 JACK SUTTE <em>FANFARE ALONE<\/em> <a href=\"https:\/\/www.alejandroguarello.cl\/wp-content\/uploads\/2015\/07\/Fanfare.jpg\"><img loading=\"lazy\" decoding=\"async\" class=\"alignright  wp-image-583\" src=\"https:\/\/www.alejandroguarello.cl\/wp-content\/uploads\/2015\/07\/Fanfare.jpg\" alt=\"Fanfare\" width=\"190\" height=\"193\" \/><\/a><\/p>\n<p>OBRA<br \/>\n\u201cSolitario V\u201d (1991) para Trompeta\u00a0 <a href=\"https:\/\/www.alejandroguarello.cl\/wp-content\/uploads\/2015\/07\/Solitario-V-Alejandro-Guarello-1.mp3\">audio<\/a><br \/>\nINTERPRETE<br \/>\nJack Sutte<br \/>\nNOTAS<br \/>\nFanfare Alone. Este CD doble fue grabado y editado en EE.UU. por Jack Sutte<br \/>\nAdem\u00e1s contiene obras de diversos compositores de diversos pa\u00edses. Se encuentra disponible en iTunes y otras plataformas digitales<\/p>\n<p>2013 VERTICIDADES<a href=\"https:\/\/www.alejandroguarello.cl\/wp-content\/uploads\/2014\/02\/Copienkuart.jpg\"><img loading=\"lazy\" decoding=\"async\" class=\"alignright wp-image-133\" src=\"https:\/\/www.alejandroguarello.cl\/wp-content\/uploads\/2014\/02\/Copienkuart.jpg\" alt=\"Copienkuart\" width=\"195\" height=\"180\" \/><\/a><br \/>\nM\u00fasica de C\u00e1mara para Saxof\u00f3n, Flauta, Violoncello y Arpa<\/p>\n<p>OBRA<br \/>\n\u00abCopienkuart\u00bb (2002) para\u00a0 Saxof\u00f3n alto,Flauta, Violoncello y Arpa <a href=\"https:\/\/www.alejandroguarello.cl\/wp-content\/uploads\/2014\/02\/Copienkuart.mp3\">Audio<\/a><br \/>\nINTERPRETES<br \/>\nMiguel Villafruela, Saxo; Wilson Padilla, Flauta; Celso L\u00f3pez, Violoncello y Manuel Jim\u00e9nez, Arpa<br \/>\nNOTAS<br \/>\nVERTICIDADES. Este CD fue financiado con el aporte del Consejo Nacional de la Cultura\u00a0 y las Artes, Fondo de Fomento de la M\u00fasica Nacional, Consejo Nacional de la Cultura y las Artes 2013\u2028. Adem\u00e1s contiene obras de Hern\u00e1n Ram\u00edrez, Aliocha Solovera, Fernando Garc\u00eda, Andr\u00e9s Ferrari y Eduardo C\u00e1ceres.<\/p>\n<p>2010 VOM ENDE DER WELT M\u00daSICA CHILENA\u00a0\u00a0 <a href=\"https:\/\/www.alejandroguarello.cl\/wp-content\/uploads\/2022\/06\/von-ende-der.jpeg\"><img loading=\"lazy\" decoding=\"async\" class=\"alignright  wp-image-895\" src=\"https:\/\/www.alejandroguarello.cl\/wp-content\/uploads\/2022\/06\/von-ende-der.jpeg\" alt=\"von ende der\" width=\"191\" height=\"168\" srcset=\"https:\/\/www.alejandroguarello.cl\/wp-content\/uploads\/2022\/06\/von-ende-der.jpeg 2342w, https:\/\/www.alejandroguarello.cl\/wp-content\/uploads\/2022\/06\/von-ende-der-300x264.jpeg 300w, https:\/\/www.alejandroguarello.cl\/wp-content\/uploads\/2022\/06\/von-ende-der-1024x901.jpeg 1024w\" sizes=\"(max-width: 191px) 100vw, 191px\" \/><\/a><\/p>\n<p>OBRA<br \/>\n\u00abRetri\u00bb para flauta y piano <a href=\"https:\/\/youtu.be\/dxHRl7m7LgY\">Audio<\/a><br \/>\nINTERPRETES<br \/>\nEstela Bellomio, flauta y Evelia Sabatini, piano.<br \/>\nNOTAS<br \/>\nVOM ENDE DER WELT M\u00daSICA CHILENA. CD Editado y publicado en Alemania, Onomato Verlag, D\u00fasseldorf. Adem\u00e1s, contiene obras de diversos compositores chilenos y documentos fonogr\u00e1ficos\u00a0 tradicionales.<\/p>\n<p><a href=\"https:\/\/www.alejandroguarello.cl\/wp-content\/uploads\/2014\/02\/castroe.jpg\"><img loading=\"lazy\" decoding=\"async\" class=\"alignright\" src=\"https:\/\/www.alejandroguarello.cl\/wp-content\/uploads\/2014\/02\/castroe.jpg\" alt=\"castroe\" width=\"187\" height=\"187\" \/><\/a>2009 NO TIME (AT ALL)<\/p>\n<p>OBRA<br \/>\n\u201cBase Esad\u201d (2004) para Guitarra <a href=\"https:\/\/www.alejandroguarello.cl\/wp-content\/uploads\/2014\/02\/Base-Esad.mp3\">Audio<\/a><br \/>\nINTERPRETES<br \/>\nDiego Castro y Juan Antonio Escobar<br \/>\nNOTAS<br \/>\nNO TIME (AT ALL). Este CD fue financiado con el aporte del Consejo Nacional de la Cultura\u00a0 y las Artes, Fondo de Fomento de la M\u00fasica Nacional, Consejo Nacional de la Cultura y las Artes 2008<br \/>\nAdem\u00e1s contiene obras de Cristian Morales, Franco Donatoni, Pablo Aranda, Hilda Paredes, Francisco Silva y Brian Ferneyhough.<\/p>\n<p><a href=\"https:\/\/www.alejandroguarello.cl\/wp-content\/uploads\/2014\/02\/snd.jpg\"><img loading=\"lazy\" decoding=\"async\" class=\"alignright\" src=\"https:\/\/www.alejandroguarello.cl\/wp-content\/uploads\/2014\/02\/snd.jpg\" alt=\"snd\" width=\"183\" height=\"183\" \/><\/a>2005 SPECTRUM 4<\/p>\n<p>OBRA<br \/>\n\u201cSND\u201d para piano <a href=\"https:\/\/www.alejandroguarello.cl\/wp-content\/uploads\/2014\/02\/Snd.mp3\">Audio<\/a><br \/>\nINTERPRETES<br \/>\nThalia Myers<br \/>\nPublisher :<br \/>\nABRSM Publishing<br \/>\nNOTAS<br \/>\nSpectrum 4 is a stimulating collection of specially commissioned miniatures by 66 contemporary composers. With pieces ranging from grade 1 to grade 4, this volume is a perfect introduction to the music of today, as well as being a rich resource for pianists of all ages and abilities.\u2028\u2028CD\u00a0 also avaliable with the book with the scores. Among the roll call of post-modern masters are such celebrated composers as Alejandro Guarello, Param Vir, Michael Finnissy and Sir Peter Maxwell Davies.<\/p>\n<p><a href=\"https:\/\/www.alejandroguarello.cl\/wp-content\/uploads\/2014\/02\/flexflo.jpg\"><img loading=\"lazy\" decoding=\"async\" class=\"alignright\" src=\"https:\/\/www.alejandroguarello.cl\/wp-content\/uploads\/2014\/02\/flexflo.jpg\" alt=\"flexflo\" width=\"195\" height=\"195\" \/><\/a>2005 NUEVA M\u00daSICA PARA DOS FLAUTAS<\/p>\n<p>OBRA<br \/>\n\u201cFlexflo\u201d (2004) para dos\u00a0 Flautas <a href=\"https:\/\/www.youtube.com\/watch?v=tjTK7P0Wf9U\">Audio<\/a><br \/>\nINTERPRETES<br \/>\nGuillermo Lavado y Karina Fischer<br \/>\nNOTAS<br \/>\nNUEVA M\u00daSICA PARA DOS FLAUTAS. Este CD fue financiado con el aporte del Consejo Nacional de la Cultura\u00a0 y las Artes, FONDART 2004. Editado por KARAKAY RECORDS, 2005,<br \/>\nAdem\u00e1s contiene obras de Cristian Morales, Juan Carlos Tolosa, Pablo Aranda, David N\u00fa\u00f1eza\u00f1ez, Aliosha Solovera, Gerardo Gandini y Gabriel Brncic.<\/p>\n<p><a href=\"https:\/\/www.alejandroguarello.cl\/wp-content\/uploads\/2014\/02\/dualidad.jpg\"><img loading=\"lazy\" decoding=\"async\" class=\"alignright\" src=\"https:\/\/www.alejandroguarello.cl\/wp-content\/uploads\/2014\/02\/dualidad.jpg\" alt=\"dualidad\" width=\"229\" height=\"229\" \/><\/a>2004\u00a0 DUALIDAD CHILEAN MUSIC FOR SOLO CELLO<br \/>\nEROICA JDT 3194<\/p>\n<p>OBRA<br \/>\n\u201cSolitario II\u201d (1985) para Violoncello solo <a href=\"https:\/\/www.youtube.com\/watch?v=K7BWoIkwmJs\">video<\/a><br \/>\nINTERPRETE<br \/>\nPablo Mahave-Veglia<br \/>\nNOTAS<br \/>\nDUALIDAD CHILEAN MUSIC FOR SOLO CELLO. Este CD fue editado por EROICA CLASSICAL RECORDING,EEUU. Adem\u00e1s contiene obras de Federico Heilein, Juan Lemann, Alfonso Montecino, Andr\u00e9s Alcalde y Edgardo Cant\u00f3n.<\/p>\n<p><a href=\"https:\/\/www.alejandroguarello.cl\/wp-content\/uploads\/2014\/02\/dale.jpg\"><img loading=\"lazy\" decoding=\"async\" class=\"alignright\" src=\"https:\/\/www.alejandroguarello.cl\/wp-content\/uploads\/2014\/02\/dale.jpg\" alt=\"dale\" width=\"187\" height=\"180\" \/><\/a>2003 OBRAS DE CAMARA<\/p>\n<p>OBRA<br \/>\n\u00abDale!!!\u00bb (2003) para Flauta, Guitarra, Violoncello y piano <a href=\"https:\/\/www.youtube.com\/watch?v=pq9GuWoBVXY\">Audio<\/a><br \/>\nINTERPRETES<br \/>\nTALLER DE MUSICA CONTEMPORANEA UC<br \/>\nNicolas Faunes &#8211; Flauta<br \/>\nLuis Orlandini &#8211; Guitarra<br \/>\nCelso L\u00f3pez &#8211; Violoncello<br \/>\nFernanda Ortega &#8211; Piano<br \/>\nPablo Aranda &#8211; Director<br \/>\nNOTAS<br \/>\nOBRAS DE CAMARA. Este CD fue financiado con el aporte del Fondo de Desarrollo de las Artes y la Cultura (FONDART), Ministerio de Educaci\u00f3n de Chile, 2002. Adem\u00e1s contiene obras de Daniel Osorio, Cirilo Vila, Pablo Aranda, Antonio Carvallo, Francisco Silva y Rafael D\u00edaz.<\/p>\n<p>2002 ANTOLOGIA CORAL CHILENA<\/p>\n<p><a href=\"https:\/\/www.alejandroguarello.cl\/wp-content\/uploads\/2014\/02\/antocoral.jpg\"><img loading=\"lazy\" decoding=\"async\" class=\"alignright\" src=\"https:\/\/www.alejandroguarello.cl\/wp-content\/uploads\/2014\/02\/antocoral.jpg\" alt=\"antocoral\" width=\"173\" height=\"166\" \/><\/a>OBRA<br \/>\n\u00abSimulacros\u00bb (1978) para Coro <a href=\"https:\/\/www.alejandroguarello.cl\/wp-content\/uploads\/2014\/02\/simulacrosweb.mp3\">Audio<\/a><br \/>\nINTERPRETE<br \/>\nCoro de C\u00e1mara de la Universidad Cat\u00f3lica de Chile<br \/>\nMauricio Cort\u00e9s &#8211; Direcci\u00f3n<br \/>\nNOTAS<br \/>\nCD publicado por la ANC (ANC-AC-7000-1). Este CD fue financiado con el aporte del Fondo de Desarrollo de las Artes y la Cultura (FONDART), Ministerio de Educaci\u00f3n de Chile, 2001.<br \/>\nAdem\u00e1s contiene obras de Ren\u00e1n Cort\u00e9s, Juan Amenabar, Alfonso Letelier, Sylvia Soublette, Gustavo Becerra, Juan Orrego Salas, Pedro N\u00fa\u00f1ez, Carlos Botto, Hern\u00e1n Ram\u00edrez, Edward Brown, Fernando Carrasco, Santiago Vera, Pablo D\u00e9lano, Le\u00f3n Schildlowsky, Federico Heinlein y Juan L\u00e9mann.<\/p>\n<p><a href=\"https:\/\/www.alejandroguarello.cl\/wp-content\/uploads\/2014\/02\/villafruela.jpg\"><img loading=\"lazy\" decoding=\"async\" class=\"alignright\" src=\"https:\/\/www.alejandroguarello.cl\/wp-content\/uploads\/2014\/02\/villafruela.jpg\" alt=\"villafruela\" width=\"175\" height=\"168\" \/><\/a>2001 SECUENCIAS<\/p>\n<p>OBRA<br \/>\n\u00abVikach I\u00bb (2000) para Saxos y Percusi\u00f3n <a href=\"https:\/\/www.alejandroguarello.cl\/wp-content\/uploads\/2014\/02\/ViKaCh-Iweb.mp3\">Audio<\/a><br \/>\nINTERPRETES<br \/>\nMiguel Villafruela &#8211; Saxos<br \/>\nRodrigo Kanamori &#8211; Percusiones<br \/>\nNOTAS<br \/>\nSECUENCIAS. Este CD fue financiado por el Departamento de Investigaci\u00f3n y Desarrollo de la Universidad de Chile, 2001. Adem\u00e1s, contiene obras de Eduardo C\u00e1ceres, Juan Orrego-Salas, Carlos Zamora, Tom\u00e1s Lefever y Fernando Carrasco.<\/p>\n<p><a href=\"https:\/\/www.alejandroguarello.cl\/wp-content\/uploads\/2014\/02\/pinano.jpg\"><img loading=\"lazy\" decoding=\"async\" class=\"alignright\" src=\"https:\/\/www.alejandroguarello.cl\/wp-content\/uploads\/2014\/02\/pinano.jpg\" alt=\"pinano\" width=\"178\" height=\"178\" \/><\/a>2001 PIANO &#8211; PIANO<\/p>\n<p>OBRA<br \/>\n\u00abPour klavier\u00bb (1985) para Piano solo<br \/>\nINTERPRETE<br \/>\nMar\u00eda Paz Santiba\u00f1ez &#8211; Piano<br \/>\nNOTAS<br \/>\nEste CD fue financiado con el aporte del Fondo de Desarrollo de las Artes y la Cultura (FONDART), Ministerio de Educaci\u00f3n de Chile, 2001.<br \/>\nAdem\u00e1s contiene obras de Andr\u00e9s Alcalde, Pablo Aranda, Eduardo C\u00e1ceres, Cirilo Vila, Yoshihisha Ta\u00efra, Alicia Terzian y Celso Garrido-Lecca.<\/p>\n<p><a href=\"https:\/\/www.alejandroguarello.cl\/wp-content\/uploads\/2014\/02\/Quilapi.jpg\"><img loading=\"lazy\" decoding=\"async\" class=\"alignright\" src=\"https:\/\/www.alejandroguarello.cl\/wp-content\/uploads\/2014\/02\/Quilapi.jpg\" alt=\"Quilapi\" width=\"170\" height=\"166\" \/><\/a>2000 CANTOS DE LA CIUDAD SITIADA<\/p>\n<p>OBRAS<br \/>\n\u00abRomance de la Luna, Luna\u00bb (1977) para Canto y Piano<br \/>\n\u00abReyerta\u00bb (1979) para Canto y Piano<\/p>\n<p>INTERPRETES<br \/>\nJos\u00e9 Quilapi &#8211; Tenor<br \/>\nCirilo Vila &#8211; Piano<br \/>\nNOTAS<br \/>\nCANTOS DE LA CIUDAD SITIADA. Adem\u00e1s contiene obras de Pablo Garrido , Jorge Hermosilla , Cirilo Vila, Andr\u00e9s Alcalde, Cecilia Cordero, Alejandro Pino, Rodrigo C\u00e1diz y Carlos Isamitt. Este CD fue financiado con el aporte del Fondo de Desarrollo de las Artes y la Cultura (FONDART), Ministerio de Educaci\u00f3n de Chile, 1999.<\/p>\n<p><a href=\"https:\/\/www.alejandroguarello.cl\/wp-content\/uploads\/2014\/02\/ohlsen.jpg\"><img loading=\"lazy\" decoding=\"async\" class=\"alignright\" src=\"https:\/\/www.alejandroguarello.cl\/wp-content\/uploads\/2014\/02\/ohlsen.jpg\" alt=\"ohlsen\" width=\"170\" height=\"168\" \/><\/a>2000 OSCAR OHLSEN, ESQUINAS<\/p>\n<p>OBRA<br \/>\n\u00abBase Esad\u00bb (1990) para Guitarra<br \/>\nINTERPRETE<br \/>\nOscar Ohlsen &#8211; Guitarra<br \/>\nNOTAS<br \/>\nESQUINAS. CD publicado por SVR Producciones 2000 (SVR &#8211; ABC &#8211; 3006 -12). Adem\u00e1s contiene obras de Gustavo Becerra, Edmundo V\u00e1squez, Ra\u00fal C\u00e9spedes, Oscar Ohlsen, Juan Pablo Gonz\u00e1lez, Santiago Vera-Rivera, Cristhian Uribe, Juan Orrego Salas, y Eulogio D\u00e1valos.<\/p>\n<p><a href=\"https:\/\/www.alejandroguarello.cl\/wp-content\/uploads\/2014\/02\/isidro.jpg\"><img loading=\"lazy\" decoding=\"async\" class=\"alignright\" src=\"https:\/\/www.alejandroguarello.cl\/wp-content\/uploads\/2014\/02\/isidro.jpg\" alt=\"isidro\" width=\"175\" height=\"166\" \/><\/a>2000 COMPOSITORES CHILENOS<\/p>\n<p>OBRA<br \/>\n\u00abSolitario IV\u00bb (1991) para Viol\u00edn solo <a href=\"https:\/\/www.alejandroguarello.cl\/wp-content\/uploads\/2014\/02\/Solitario-IVweb.mp3\">Audio<\/a><br \/>\nINTERPRETE<br \/>\nIsidro Rodr\u00edguez &#8211; Viol\u00edn<br \/>\nNOTAS<br \/>\nEste CD fue financiado con el aporte del Fondo de Desarrollo de las Artes y la Cultura (FONDART), Ministerio de Educaci\u00f3n de Chile, 1999.<br \/>\nAdem\u00e1s contiene obras de Andr\u00e9s Alcalde, Gustavo Becerra, Roberto Falabella, Gabriel Brncic y Pablo Aranda.<\/p>\n<p><a href=\"https:\/\/www.alejandroguarello.cl\/wp-content\/uploads\/2014\/02\/vetro.jpg\"><img loading=\"lazy\" decoding=\"async\" class=\"alignright\" src=\"https:\/\/www.alejandroguarello.cl\/wp-content\/uploads\/2014\/02\/vetro.jpg\" alt=\"vetro\" width=\"171\" height=\"170\" \/><\/a>1999 MUSICA CHILENA DEL SIGLO XX VOLUMEN IV<\/p>\n<p>OBRA<br \/>\n\u00abVetro\u00bb (1984) para Clarinete, Viol\u00edn y Violoncello <a href=\"https:\/\/www.alejandroguarello.cl\/wp-content\/uploads\/2014\/02\/Vetroweb.mp3\">Audio<\/a><br \/>\nINTERPRETES<br \/>\nLuis Rossi &#8211; Clarinete<br \/>\nRuben Sierra &#8211; Viol\u00edn<br \/>\nCelso L\u00f3pez &#8211; Violoncello<br \/>\nAlejandro Guarello &#8211; Direcci\u00f3n<br \/>\nNOTAS<br \/>\nMUSICA CHILENA DEL SIGLO XX. VOL IV. CD publicado por ANC (ANC-6003-4).<br \/>\nAdem\u00e1s contiene obras de Guillermo Rifo, Cecilia Cordero, Carlos Riesco, Oscar Ohlsen, Celso Garrido-Lecca, Santiago Vera-Rivera, Edward Brown, Jorge Springinsfeld, y Fernando Carrasco. Este CD fue financiado con el aporte del Fondo de Desarrollo de las Artes y la Cultura (FONDART), Ministerio de Educaci\u00f3n de Chile, 1999.<\/p>\n<p><a href=\"https:\/\/www.alejandroguarello.cl\/wp-content\/uploads\/2014\/02\/chilejapon.jpg\"><img loading=\"lazy\" decoding=\"async\" class=\"alignright\" src=\"https:\/\/www.alejandroguarello.cl\/wp-content\/uploads\/2014\/02\/chilejapon.jpg\" alt=\"chilejapon\" width=\"177\" height=\"170\" \/><\/a>1999 MUSICA DE CHILE Y JAPON<\/p>\n<p>OBRA<br \/>\n\u00abDomuns\u00bb (1997) para Piano solo <a href=\"https:\/\/www.alejandroguarello.cl\/wp-content\/uploads\/2014\/02\/Domunsweb.mp3\">Audio<\/a><br \/>\nINTERPRETE<br \/>\nNoriko Ohtake &#8211; Piano<br \/>\nNOTAS<br \/>\nMUSICA DE CHILE Y JAPON. Este CD fue producido por la Facultad de Artes, Universidad de Chile con motivo del centenario de las Relaciones entre Chile y Jap\u00f3n. Contiene obras de Minoru Miki, Toru Takemitsu, Ryo Noda, Juan Amen\u00e1bar y Juan Orrego Salas.<\/p>\n<p><a href=\"https:\/\/www.alejandroguarello.cl\/wp-content\/uploads\/2014\/02\/Chilenias.jpg\"><img loading=\"lazy\" decoding=\"async\" class=\"alignright\" src=\"https:\/\/www.alejandroguarello.cl\/wp-content\/uploads\/2014\/02\/Chilenias.jpg\" alt=\"Chilenias\" width=\"170\" height=\"173\" \/><\/a>1999 CHILENIAS DE CIELO Y TIERRA<\/p>\n<p>OBRA<br \/>\n\u00abMisa simple\u00bb (1997) para Canto en comunidad<br \/>\nINTERPRETES<br \/>\nGrupo Aranto<br \/>\nNOTAS<br \/>\nCHILENIAS DE CIELO Y TIERRA. Este CD fue financiado con el aporte del Fondo de Desarrollo de las Artes y la Cultura (FONDART), Ministerio de Educaci\u00f3n de Chile, 1998 y producido por Fundaci\u00f3n ANGARO, Fundaci\u00f3n Cultural Se\u00f1ales y Encuentros. Adem\u00e1s, contiene dos obras de Fernando Carrasco<\/p>\n<p><a href=\"https:\/\/www.alejandroguarello.cl\/wp-content\/uploads\/2014\/02\/transcursos.jpg\"><img loading=\"lazy\" decoding=\"async\" class=\"alignright\" src=\"https:\/\/www.alejandroguarello.cl\/wp-content\/uploads\/2014\/02\/transcursos.jpg\" alt=\"transcursos\" width=\"170\" height=\"172\" \/><\/a>1994 EDUARDO VALENZUELA, WLADIMIR PONKIN<\/p>\n<p>OBRA<br \/>\n\u00abTranscursos\u00bb (1981) para Violoncello y Orquesta de Cuerdas <a href=\"https:\/\/www.alejandroguarello.cl\/wp-content\/uploads\/2014\/02\/Transcursos-Iweb.mp3\">Audio 1<\/a> <a href=\"https:\/\/www.alejandroguarello.cl\/wp-content\/uploads\/2014\/02\/Transcursos-IIweb.mp3\">Audio 2<\/a> <a href=\"https:\/\/www.alejandroguarello.cl\/wp-content\/uploads\/2014\/02\/Transcursos-IIIweb.mp3\">Audio 3<\/a><br \/>\nINTERPRETES<br \/>\nEduardo Valenzuela &#8211; Violoncello<br \/>\nVladimir Ponkin &#8211; Direcci\u00f3n<br \/>\nNew Moscow State Symphony Orchestra<br \/>\nNOTAS<br \/>\nEste CD esta editado por Disques DOM (DOM CD 1424) Vincennes, Francia. Adem\u00e1s, contiene obras de Gustavo Becerra y de Luis Naon.<br \/>\n[whohit]-Cd con obras de Alejandro Guarello-[\/whohit]<\/p>\n","protected":false},"excerpt":{"rendered":"<p>2022 ANACRUSA OBRA \u00abPOUR KLAVIER\u00bb (1985) INTERPRETES Cecilia Plaza, piano y V\u00edctor Alarc\u00f3n, tenor NOTAS Anacrusa. Este CD doble fue grabado en Colonia, Alemania y Santiago de Chile. Adem\u00e1s contiene&hellip; <\/p>\n","protected":false},"author":2,"featured_media":0,"parent":518,"menu_order":1,"comment_status":"closed","ping_status":"closed","template":"","meta":{"footnotes":""},"_links":{"self":[{"href":"https:\/\/www.alejandroguarello.cl\/index.php?rest_route=\/wp\/v2\/pages\/502"}],"collection":[{"href":"https:\/\/www.alejandroguarello.cl\/index.php?rest_route=\/wp\/v2\/pages"}],"about":[{"href":"https:\/\/www.alejandroguarello.cl\/index.php?rest_route=\/wp\/v2\/types\/page"}],"author":[{"embeddable":true,"href":"https:\/\/www.alejandroguarello.cl\/index.php?rest_route=\/wp\/v2\/users\/2"}],"replies":[{"embeddable":true,"href":"https:\/\/www.alejandroguarello.cl\/index.php?rest_route=%2Fwp%2Fv2%2Fcomments&post=502"}],"version-history":[{"count":37,"href":"https:\/\/www.alejandroguarello.cl\/index.php?rest_route=\/wp\/v2\/pages\/502\/revisions"}],"predecessor-version":[{"id":933,"href":"https:\/\/www.alejandroguarello.cl\/index.php?rest_route=\/wp\/v2\/pages\/502\/revisions\/933"}],"up":[{"embeddable":true,"href":"https:\/\/www.alejandroguarello.cl\/index.php?rest_route=\/wp\/v2\/pages\/518"}],"wp:attachment":[{"href":"https:\/\/www.alejandroguarello.cl\/index.php?rest_route=%2Fwp%2Fv2%2Fmedia&parent=502"}],"curies":[{"name":"wp","href":"https:\/\/api.w.org\/{rel}","templated":true}]}}