{"id":504,"date":"2014-05-24T20:02:04","date_gmt":"2014-05-25T00:02:04","guid":{"rendered":"http:\/\/www.alejandroguarello.cl\/?page_id=504"},"modified":"2026-02-16T11:06:42","modified_gmt":"2026-02-16T14:06:42","slug":"links-2","status":"publish","type":"page","link":"https:\/\/www.alejandroguarello.cl\/?page_id=504","title":{"rendered":"Entrevistas y videos"},"content":{"rendered":"<p>YouTube<\/p>\n<p>La M\u00fasica s\u00f3lo es&#8230; nunca est\u00e1<\/p>\n<p><a href=\"https:\/\/www.youtube.com\/@lamusicasoloes3531\">https:\/\/www.youtube.com\/@lamusicasoloes3531<\/a><\/p>\n<p>Entrevista en Roma<\/p>\n<p><a href=\"https:\/\/writingfrommy14thcountry.wordpress.com\/2016\/01\/04\/a-chilean-composer-in-rome\/\">https:\/\/writingfrommy14thcountry.wordpress.com\/2016\/01\/04\/a-chilean-composer-in-rome\/<\/a><\/p>\n<p>Pensar Es Clave Federico S\u00e1nchez conversa con Alejandro Guarello<\/p>\n<p><a href=\"https:\/\/www.youtube.com\/watch?v=N_-LPZJyKeE\">https:\/\/www.youtube.com\/watch?v=N_-LPZJyKeE<\/a><\/p>\n<p>Video Final Concurso Tocando el Cielo Radio Beethoven obra Beethoven<\/p>\n<p><a href=\"https:\/\/www.youtube.com\/watch?v=2us_TTyOKLg\">https:\/\/www.youtube.com\/watch?v=2us_TTyOKLg<\/a><\/p>\n<p>Video Socio Benem\u00e9rito SCD 2016<\/p>\n<p><a href=\"https:\/\/www.youtube.com\/watch?v=SJgfULzmdnQ\" target=\"_blank\" rel=\"noopener\"><cite>www.youtube.com\/watch?v=SJgfULzmdnQ<\/cite><\/a><\/p>\n<p>Premio a la Creaci\u00f3n UC 2013<\/p>\n<p><a href=\"https:\/\/www.youtube.com\/watch?v=DXN8PKgvSyE\" target=\"_blank\" rel=\"noopener\"><cite>www.youtube.com\/watch?v=DXN8PKgvSyE<\/cite><\/a><\/p>\n<p>Entrevista Radio Beethoven<\/p>\n<p><a href=\"https:\/\/www.beethovenfm.cl\/podcast\/conversacion-con-alejandro-guarello\/\">https:\/\/www.beethovenfm.cl\/podcast\/conversacion-con-alejandro-guarello\/<\/a><\/p>\n<p>Video obra N-oir-T<\/p>\n<p><a href=\"http:\/\/www.youtube.com\/watch?v=m1HTab2Nknc\" target=\"_blank\" rel=\"noopener\"><cite>www.youtube.com\/watch?v=m1HTab2Nknc<\/cite><\/a><\/p>\n<p>Videos obra Flexflo<\/p>\n<p><a href=\"http:\/\/www.youtube.com\/watch?v=1t9dIA0lR-k\u200e\" target=\"_blank\" rel=\"noopener\"><cite>www.youtube.com\/watch?v=1t9dIA0lR-k<\/cite><\/a><\/p>\n<div class=\"s\">\n<div>\n<div class=\"f hJND5c TbwUpd\"><cite class=\"iUh30\"><a href=\"https:\/\/www.youtube.com\/watch?v=lg8ljjJQTDY\">www.youtube.com\/watch?v=lg8ljjJQTDY<\/a><br \/>\n<\/cite><\/div>\n<\/div>\n<\/div>\n<p><a href=\"http:\/\/www.youtube.com\/watch?v=1t9dIA0lR-k\u200e\" target=\"_blank\" rel=\"noopener\"><cite class=\"iUh30\">www.youtube.com\/watch?v=t3kHCcOwIZk<\/cite>\u200e<\/a><\/p>\n<p>Audio obra Pour Klavier<\/p>\n<p><a href=\"https:\/\/www.youtube.com\/watch?v=Pubp0c-SYi8\u200e\" target=\"_blank\" rel=\"noopener\"><cite>www.youtube.com\/watch?v=Pubp0c-SYi8<\/cite>\u200e<\/a><\/p>\n<p>Audio obra Dale!!!!<\/p>\n<p><a href=\"https:\/\/www.youtube.com\/watch?v=pq9GuWoBVXY\" target=\"_blank\" rel=\"noopener\"><cite>www.youtube.com\/watch?v=pq9GuWoBVXY<\/cite>\u200e<\/a><\/p>\n<p>Video obra Happy Bird&#8217;s Day Orquesta La Serena<\/p>\n<p><a href=\"https:\/\/www.youtube.com\/watch?v=N_-LPZJyKeE\">https:\/\/www.youtube.com\/watch?v=N_-LPZJyKeE<\/a><\/p>\n<p>Video obra Solitario I<\/p>\n<p><a href=\"https:\/\/www.youtube.com\/watch?v=9H1MUdw4Eb0\">https:\/\/www.youtube.com\/watch?v=9H1MUdw4Eb0<\/a><\/p>\n<p>Audio obra Solitario II<\/p>\n<p><a href=\"https:\/\/www.youtube.com\/watch?v=K7BWoIkwmJs\">https:\/\/www.youtube.com\/watch?v=K7BWoIkwmJs<\/a><\/p>\n<p>Audio obra Simulacros<\/p>\n<p><a href=\"https:\/\/www.youtube.com\/watch?v=24o9haBjSgU\">https:\/\/www.youtube.com\/watch?v=24o9haBjSgU<\/a><\/p>\n<p>Audio obra Reyerta<\/p>\n<p><a href=\"http:\/\/www.youtube.com\/watch?v=OBdlTlT9LRM\u200e\" target=\"_blank\" rel=\"noopener\"><cite>www.youtube.com\/watch?v=OBdlTlT9LRM<\/cite>\u200e<\/a><\/p>\n<p>Video extracto Cantata de los Derechos Humanos Catedral de Santiago<\/p>\n<p><a href=\"http:\/\/www.youtube.com\/watch?v=BEk78BNvzCA\" target=\"_blank\" rel=\"noopener\"><cite>www.youtube.com\/watch?v=BEk78BNvzCA<\/cite><\/a><\/p>\n<p>Video Cantata Desde el Quinto Sol<\/p>\n<p><a href=\"https:\/\/www.youtube.com\/watch?v=8-XnU898uOg\" target=\"_blank\" rel=\"noopener\"><cite>www.youtube.com\/watch?v=8-XnU898uOg<\/cite><\/a><\/p>\n<p>Video entrevista Buenos Aires<\/p>\n<p><a href=\"http:\/\/www.youtube.com\/watch?v=2us_TTyOKLg\u200e\" target=\"_blank\" rel=\"noopener\"><cite>www.youtube.com\/watch?v=2us_TTyOKLg<\/cite>\u200e<\/a><\/p>\n<p>Entrevista libro Musica de los 70<\/p>\n<p><a href=\"https:\/\/www.youtube.com\/watch?v=ABaAAELuVzs\" target=\"_blank\" rel=\"noopener\">http:\/\/www.youtube.com\/watch?v=ABaAAELuVzs<\/a><\/p>\n<p>Video entrevista Santiago El Mostrador (dos partes)<\/p>\n<p><a href=\"http:\/\/www.youtube.com\/watch?v=FK4_AFGIffI\">www.youtube.com\/watch?v=FK4_AFGIffI<\/a><\/p>\n<p><a href=\"http:\/\/www.youtube.com\/watch?v=sSqSfRQnYLI\u200e\" target=\"_blank\" rel=\"noopener\"><cite>www.youtube.com\/watch?v=sSqSfRQnYLI<\/cite>\u200e<\/a><\/p>\n<p>Conversaci\u00f3n Cierre Radio Beethoven<\/p>\n<p><a href=\"https:\/\/www.facebook.com\/watch\/live\/?v=547315116103565&amp;ref=watch_permalink\">https:\/\/www.facebook.com\/watch\/live\/?v=547315116103565&amp;ref=watch_permalink<\/a><\/p>\n<p>Entrevista CNN sobre M\u00e1s M\u00fasica Chilena<\/p>\n<p><a href=\"http:\/\/www.youtube.com\/watch?v=zkzcrLNeQJ0\" target=\"_blank\" rel=\"noopener\">http:\/\/www.youtube.com\/watch?v=zkzcrLNeQJ0<\/a><\/p>\n<p><a href=\"http:\/\/www.uandes.cl\/noticias\/nueva-obra-de-compositor-chileno-se-estrenara-en-agosto-en-la-uandes.html\">http:\/\/www.uandes.cl\/noticias\/nueva-obra-de-compositor-chileno-se-estrenara-en-agosto-en-la-uandes.html<\/a><\/p>\n<p>[whohit]-Links-[\/whohit]<\/p>\n","protected":false},"excerpt":{"rendered":"<p>YouTube La M\u00fasica s\u00f3lo es&#8230; nunca est\u00e1 https:\/\/www.youtube.com\/@lamusicasoloes3531 Entrevista en Roma https:\/\/writingfrommy14thcountry.wordpress.com\/2016\/01\/04\/a-chilean-composer-in-rome\/ Pensar Es Clave Federico S\u00e1nchez conversa con Alejandro Guarello https:\/\/www.youtube.com\/watch?v=N_-LPZJyKeE Video Final Concurso Tocando el Cielo Radio Beethoven&hellip; <\/p>\n","protected":false},"author":2,"featured_media":0,"parent":0,"menu_order":6,"comment_status":"closed","ping_status":"closed","template":"","meta":{"footnotes":""},"_links":{"self":[{"href":"https:\/\/www.alejandroguarello.cl\/index.php?rest_route=\/wp\/v2\/pages\/504"}],"collection":[{"href":"https:\/\/www.alejandroguarello.cl\/index.php?rest_route=\/wp\/v2\/pages"}],"about":[{"href":"https:\/\/www.alejandroguarello.cl\/index.php?rest_route=\/wp\/v2\/types\/page"}],"author":[{"embeddable":true,"href":"https:\/\/www.alejandroguarello.cl\/index.php?rest_route=\/wp\/v2\/users\/2"}],"replies":[{"embeddable":true,"href":"https:\/\/www.alejandroguarello.cl\/index.php?rest_route=%2Fwp%2Fv2%2Fcomments&post=504"}],"version-history":[{"count":20,"href":"https:\/\/www.alejandroguarello.cl\/index.php?rest_route=\/wp\/v2\/pages\/504\/revisions"}],"predecessor-version":[{"id":987,"href":"https:\/\/www.alejandroguarello.cl\/index.php?rest_route=\/wp\/v2\/pages\/504\/revisions\/987"}],"wp:attachment":[{"href":"https:\/\/www.alejandroguarello.cl\/index.php?rest_route=%2Fwp%2Fv2%2Fmedia&parent=504"}],"curies":[{"name":"wp","href":"https:\/\/api.w.org\/{rel}","templated":true}]}}