{"id":516,"date":"2014-06-03T10:58:27","date_gmt":"2014-06-03T14:58:27","guid":{"rendered":"http:\/\/www.alejandroguarello.cl\/?page_id=516"},"modified":"2025-07-02T17:36:39","modified_gmt":"2025-07-02T21:36:39","slug":"resena-biografica","status":"publish","type":"page","link":"https:\/\/www.alejandroguarello.cl\/?page_id=516","title":{"rendered":"Rese\u00f1a biogr\u00e1fica"},"content":{"rendered":"<p>Naci\u00f3 en Vi\u00f1a del Mar el 21 de Agosto de 1951. Comenz\u00f3 sus estudios musicales en 1971 en la Universidad Cat\u00f3lica de Valpara\u00edso. En 1975 pas\u00f3 a ser alumno del maestro Cirilo Vila, primero en forma particular y luego, a partir de 1977 y hasta 1982, como alumno de Licenciatura en Composici\u00f3n de la Facultad de Artes de la Universidad de Chile.<\/p>\n<p>Su labor creativa se inicia en 1977 y comprende, hasta hoy, m\u00e1s de 77 obras para diferentes g\u00e9neros instrumentales y vocales, de c\u00e1mara y sinf\u00f3nicos, muchas de las cuales han sido estrenadas tanto en Chile como en Europa, Jap\u00f3n y Estados Unidos recibiendo diferentes distinciones y premios. En 1998 publica su primer CD con obras de c\u00e1mara compuestas entre los a\u00f1os 1979 y 1996. Luego en 2000 publica su CD doble monogr\u00e1fico Retrospectiva con quince obras in\u00e9ditas hasta entonces. En 2013 se publica su tercer CD Nueva M\u00fasica para Cuerdas con obras grabadas en conciertos realizados en diferentes ciudades de Europa, Australia, Argentina y Chile.<\/p>\n<p>1977 Segundo Premio en el Concurso de Composici\u00f3n, con la obra para piano titulada \u00abTRITONADAS\u00bb. Organizado por Amigos del Arte.Santiago-Chile<\/p>\n<p>1978 Primer Premio en el Concurso de Composici\u00f3n, Festival de M\u00fasica Contempor\u00e1nea con la obra para Coro titulada \u00bb SIMULACROS \u00ab. Organizado por Agrupaci\u00f3n Beethoven y Goethe Institut. Santiago-Chile<\/p>\n<p>1979 Premio Festivales de M\u00fasica Chilena de la Universidad de Chile con la obra para Orquesta titulada \u00bb VARIACIONES\u00bb. Universidad de Chile. Santiago-Chile<\/p>\n<p>1979 Tercer Premio Concurso Latinoamericano de Cuartetos de Cuerda con la obra para Cuarteto de Ciuerdas titulada \u00abCUATRO PIEZAS\u00bb. Organizado por Agrupaci\u00f3n Beethoven y Goethe Institut. Santiago-Chile<\/p>\n<p>1981 Segundo premio, con la obra para Violoncello y Orquesta titulada \u00abTRANSCURSOS\u00bb. Concurso de Composici\u00f3n de la Universidad Cat\u00f3lica de Chile. Santiago-Chile<\/p>\n<p>1984 Premio del Conservatorio de Par\u00eds, con la obra para Viol\u00edn, Clarinete y Violoncello titulada \u00abVETRO\u00bb. Otorgado por la Accademia Musicale Chigiana de Siena , Italia.<\/p>\n<p>1999 Premio Charles Ives, Obra de encargo, \u201cViKaCH I\u201d para saxo y percusi\u00f3n. Instituto Chileno Norteamericano de Cultura. Santiago-Chile<\/p>\n<p>2004 Premio Consejo Chileno de la M\u00fasica. CIM. UNESCO. Medalla Creaci\u00f3n Santiago-Chile<\/p>\n<p>2004 Premio Orquesta Moderna de Chile. Mejor Compositor VI Temporada de Conciertos 2004. Escuela Moderna de M\u00fasica. Santiago-Chile<\/p>\n<p>2005 Premio Presidente de la Rep\u00fablica 2005. M\u00fasica Cl\u00e1sica. Gobierno de Chile. Santiago-Chile<\/p>\n<p>2010 Premio ALTAZOR por la obra para Flauta y Piano titulada \u201cRETRI\u201d Artistas de Chile. Santiago. Chile<\/p>\n<p>2013 Premio a la Excelencia en la Creaci\u00f3n Art\u00edstica, Pontificia Universidad Cat\u00f3lica<\/p>\n<p>2021 Segundo Premio Luis Advis por la obra para Bajo el\u00e9ctrico y Orquesta titulada \u201cGALVANIZADO\u201d<\/p>\n<p>Durante 1984 y 1985, permanece en Italia gracias a dos becas del Gobierno Italiano y realiza estudios de perfeccionamiento en Composici\u00f3n con el maestro Franco Donatoni en Roma y Siena, y con el maestro Giacomo Manzoni en Mil\u00e1n.<\/p>\n<p>Por otra parte, Alejandro Guarello ha desarrollado una extensa actividad como director de obras contempor\u00e1neas. Fue profesor de Composici\u00f3n y diversas materias musicales adem\u00e1s de Fundador y Coordinador del Proyecto \u00abM\u00daSICA ABIERTA : Un espacio para la M\u00fasica Contempor\u00e1nea\u00bb en el Instituto de M\u00fasica de la Pontificia Universidad Cat\u00f3lica de Chile del cual fue su Director entre los a\u00f1os 2006 y 2012. Adem\u00e1s, fue Fundador y Director (1997- 2012) de la Revista Resonancias, publicaci\u00f3n semestral del mismo instituto.<\/p>\n<p>Entre 2009 y 2015 fue Presidente de la Sociedad Chilena del Derecho de Autor (SCD), desde 2010 al 2015 fue Presidente de la Fundaci\u00f3n M\u00fasica Chilena y desde 2012 a 2022 fue el Presidente de la Alianza Latinoamericana de Compositores y autores de M\u00fasica (ALCAM). Miembro de n\u00famero del Colegio de Compositores Latinoamericanos de M\u00fasica de Arte.<\/p>\n<p>Actualmente es miembro del Consejo Directivo de SCD.<br \/>\n[whohit]-Rese\u00f1a biogr\u00e1fica-[\/whohit]<\/p>\n","protected":false},"excerpt":{"rendered":"<p>Naci\u00f3 en Vi\u00f1a del Mar el 21 de Agosto de 1951. Comenz\u00f3 sus estudios musicales en 1971 en la Universidad Cat\u00f3lica de Valpara\u00edso. En 1975 pas\u00f3 a ser alumno del&hellip; <\/p>\n","protected":false},"author":2,"featured_media":0,"parent":0,"menu_order":1,"comment_status":"closed","ping_status":"closed","template":"","meta":{"footnotes":""},"_links":{"self":[{"href":"https:\/\/www.alejandroguarello.cl\/index.php?rest_route=\/wp\/v2\/pages\/516"}],"collection":[{"href":"https:\/\/www.alejandroguarello.cl\/index.php?rest_route=\/wp\/v2\/pages"}],"about":[{"href":"https:\/\/www.alejandroguarello.cl\/index.php?rest_route=\/wp\/v2\/types\/page"}],"author":[{"embeddable":true,"href":"https:\/\/www.alejandroguarello.cl\/index.php?rest_route=\/wp\/v2\/users\/2"}],"replies":[{"embeddable":true,"href":"https:\/\/www.alejandroguarello.cl\/index.php?rest_route=%2Fwp%2Fv2%2Fcomments&post=516"}],"version-history":[{"count":11,"href":"https:\/\/www.alejandroguarello.cl\/index.php?rest_route=\/wp\/v2\/pages\/516\/revisions"}],"predecessor-version":[{"id":967,"href":"https:\/\/www.alejandroguarello.cl\/index.php?rest_route=\/wp\/v2\/pages\/516\/revisions\/967"}],"wp:attachment":[{"href":"https:\/\/www.alejandroguarello.cl\/index.php?rest_route=%2Fwp%2Fv2%2Fmedia&parent=516"}],"curies":[{"name":"wp","href":"https:\/\/api.w.org\/{rel}","templated":true}]}}